{"id":2074,"date":"2022-01-05T01:10:12","date_gmt":"2022-01-05T01:10:12","guid":{"rendered":"https:\/\/themesflat.com\/carenowwp\/?page_id=2074"},"modified":"2025-09-05T14:59:17","modified_gmt":"2025-09-05T14:59:17","slug":"plane-preise","status":"publish","type":"page","link":"https:\/\/smartmouth.online\/de\/plane-preise\/","title":{"rendered":"Pl\u00e4ne &amp; Preise"},"content":{"rendered":"<div data-elementor-type=\"wp-page\" data-elementor-id=\"2074\" class=\"elementor elementor-2074\">\n\t\t\t\t\t\t<section class=\"elementor-section elementor-top-section elementor-element elementor-element-fcae35e elementor-section-boxed elementor-section-height-default elementor-section-height-default\" data-id=\"fcae35e\" data-element_type=\"section\" data-e-type=\"section\">\n\t\t\t\t\t\t<div class=\"elementor-container elementor-column-gap-default\">\n\t\t\t\t\t<div class=\"elementor-column elementor-col-100 elementor-top-column elementor-element elementor-element-4feb7d0\" data-id=\"4feb7d0\" data-element_type=\"column\" data-e-type=\"column\">\n\t\t\t<div class=\"elementor-widget-wrap elementor-element-populated\">\n\t\t\t\t\t\t<section class=\"elementor-section elementor-inner-section elementor-element elementor-element-f25c288 elementor-section-boxed elementor-section-height-default elementor-section-height-default\" data-id=\"f25c288\" data-element_type=\"section\" data-e-type=\"section\">\n\t\t\t\t\t\t<div class=\"elementor-container elementor-column-gap-extended\">\n\t\t\t\t\t<div class=\"elementor-column elementor-col-100 elementor-inner-column elementor-element elementor-element-7dcdcf8\" data-id=\"7dcdcf8\" data-element_type=\"column\" data-e-type=\"column\">\n\t\t\t<div class=\"elementor-widget-wrap elementor-element-populated\">\n\t\t\t\t\t\t<div class=\"elementor-element elementor-element-29fcd14 elementor-widget elementor-widget-tf-title-section\" data-id=\"29fcd14\" data-element_type=\"widget\" data-e-type=\"widget\" data-widget_type=\"tf-title-section.default\">\n\t\t\t\t<div class=\"elementor-widget-container\">\n\t\t\t\t\t<div id=\"tf-title-section-29fcd14\" class=\"tf-title-section\" data-tabid=\"29fcd14\"> \r\n\t\t\t\t\r\n\t\t\t<div class=\"title-section\">\r\n\t\t\t\t\r\n\t\t\t\t<h2 class=\"heading\">Pakete und Preise \u2013 SmartMouth\u2122<\/h2>\r\n\t\t\t\t<div class=\"sub-title\"><p data-start=\"572\" data-end=\"691\">W\u00e4hlen Sie das Paket, das Ihren Bed\u00fcrfnissen entspricht. Alle Untersuchungen werden von Dr. Ion Bejenari durchgef\u00fchrt, einem Oralchirurgen mit \u00fcber 15 Jahren Erfahrung in Implantologie und komplexer Oralchirurgie.<\/p><\/div>\r\n\t\t\t<\/div>                \r\n            <\/div>\t\t\t\t<\/div>\n\t\t\t\t<\/div>\n\t\t\t\t\t<\/div>\n\t\t<\/div>\n\t\t\t\t\t<\/div>\n\t\t<\/section>\n\t\t\t\t\t<\/div>\n\t\t<\/div>\n\t\t\t\t\t<\/div>\n\t\t<\/section>\n\t\t\t\t<section class=\"elementor-section elementor-top-section elementor-element elementor-element-5985c87 elementor-section-content-middle tf-animated-column-elementor elementor-section-boxed elementor-section-height-default elementor-section-height-default\" data-id=\"5985c87\" data-element_type=\"section\" data-e-type=\"section\">\n\t\t\t\t\t\t<div class=\"elementor-container elementor-column-gap-no\">\n\t\t\t\t\t<div class=\"elementor-column elementor-col-33 elementor-top-column elementor-element elementor-element-7b1aa8d\" data-id=\"7b1aa8d\" data-element_type=\"column\" data-e-type=\"column\">\n\t\t\t<div class=\"elementor-widget-wrap elementor-element-populated\">\n\t\t\t\t\t\t<div class=\"elementor-element elementor-element-157f186 elementor-widget elementor-widget-tf-pricetable\" data-id=\"157f186\" data-element_type=\"widget\" data-e-type=\"widget\" data-widget_type=\"tf-pricetable.default\">\n\t\t\t\t<div class=\"elementor-widget-container\">\n\t\t\t\t\t<div id=\"tf-pricetable-157f186\" class=\"tf-pricetable\" data-tabid=\"157f186\">\n                <div class=\"header-price\">\n                                <div class=\"icon\"><i aria-hidden=\"true\" class=\"carenow-medical-icon-medical-insurance\"><\/i><\/div> <div class=\"price\">\u20ac49<\/div> <div class=\"title\">Kurz\u00fcbersicht <\/div>\n                            <\/div>\n                <div class=\"content-list\">\n                                <div class=\"inner-content-list\"><div class=\"item elementor-repeater-item-4257a2d\">\n                            <span class=\"wrap-icon\"><i class=\"fas fa-check\"><\/i><\/span>\n                            <span class=\"text\"> Schriftliche Analyse Ihrer Bilddateien (Panoramar\u00f6ntgen, DVT, Fotos)<\/span>\n                        <\/div><div class=\"item elementor-repeater-item-495e462\">\n                            <span class=\"wrap-icon\"><i class=\"fas fa-check\"><\/i><\/span>\n                            <span class=\"text\">Professionelle Empfehlung f\u00fcr die optimale Behandlung<\/span>\n                        <\/div><div class=\"item elementor-repeater-item-f3d681f\">\n                            <span class=\"wrap-icon\"><i class=\"fas fa-check\"><\/i><\/span>\n                            <span class=\"text\"> Lieferung als PDF innerhalb von 48 Stunden<\/span>\n                        <\/div><div class=\"item elementor-repeater-item-3217114\">\n                            <span class=\"wrap-icon\"><i class=\"fas fa-check\"><\/i><\/span>\n                            <span class=\"text\">Kein medizinischer Fachjargon \u2013 nur klare, logische Erkl\u00e4rungen<\/span>\n                        <\/div><div class=\"item elementor-repeater-item-375217d\">\n                            <span class=\"wrap-icon\"><i class=\"fas fa-check\"><\/i><\/span>\n                            <span class=\"text\">Perfekt, um eine Zweitmeinung einzuholen<\/span>\n                        <\/div><\/div>\n                            <\/div>\n                <div class=\"wrap-button\">\n                                <a class=\"btn\" href=\"https:\/\/smartmouth.online\/de\/termin-buchen\/\"  >Erste Schritte<\/a>\n                            <\/div>\n            <\/div>\t\t\t\t<\/div>\n\t\t\t\t<\/div>\n\t\t\t\t\t<\/div>\n\t\t<\/div>\n\t\t\t\t<div class=\"elementor-column elementor-col-33 elementor-top-column elementor-element elementor-element-6b46ea0\" data-id=\"6b46ea0\" data-element_type=\"column\" data-e-type=\"column\">\n\t\t\t<div class=\"elementor-widget-wrap elementor-element-populated\">\n\t\t\t\t\t\t<div class=\"elementor-element elementor-element-11744cd elementor-widget elementor-widget-tf-pricetable\" data-id=\"11744cd\" data-element_type=\"widget\" data-e-type=\"widget\" data-widget_type=\"tf-pricetable.default\">\n\t\t\t\t<div class=\"elementor-widget-container\">\n\t\t\t\t\t<div id=\"tf-pricetable-11744cd\" class=\"tf-pricetable\" data-tabid=\"11744cd\">\n                <div class=\"header-price\">\n                                <div class=\"icon\"><i aria-hidden=\"true\" class=\"carenowmedical-icon- carenow-medical-icon-dental-care\"><\/i><\/div> <div class=\"price\">\u20ac79<\/div> <div class=\"title\">Premium (Videoerkl\u00e4rung)<\/div>\n                            <\/div>\n                <div class=\"content-list\">\n                                <div class=\"inner-content-list\"><div class=\"item elementor-repeater-item-4257a2d\">\n                            <span class=\"wrap-icon\"><i class=\"fas fa-check\"><\/i><\/span>\n                            <span class=\"text\">Alles im Paket 1 enthalten<\/span>\n                        <\/div><div class=\"item elementor-repeater-item-495e462\">\n                            <span class=\"wrap-icon\"><i class=\"fas fa-check\"><\/i><\/span>\n                            <span class=\"text\">Personalisierte Videoerkl\u00e4rung (2\u20133 Minuten)<\/span>\n                        <\/div><div class=\"item elementor-repeater-item-3c6abe6\">\n                            <span class=\"wrap-icon\"><i class=\"fas fa-check\"><\/i><\/span>\n                            <span class=\"text\"> Visuelle Darstellung des Problems und der L\u00f6sung<\/span>\n                        <\/div><div class=\"item elementor-repeater-item-cb8f757\">\n                            <span class=\"wrap-icon\"><i class=\"fas fa-check\"><\/i><\/span>\n                            <span class=\"text\">M\u00f6glichkeit, R\u00fcckfragen per WhatsApp zu stellen<\/span>\n                        <\/div><div class=\"item elementor-repeater-item-dd1b90f\">\n                            <span class=\"wrap-icon\"><i class=\"fas fa-check\"><\/i><\/span>\n                            <span class=\"text\"> Ideal f\u00fcr Patienten, die volle Klarheit w\u00fcnschen<\/span>\n                        <\/div><\/div>\n                            <\/div>\n                <div class=\"wrap-button\">\n                                <a class=\"btn\" href=\"https:\/\/smartmouth.online\/de\/termin-buchen\/\"  >Erste Schritte<\/a>\n                            <\/div>\n            <\/div>\t\t\t\t<\/div>\n\t\t\t\t<\/div>\n\t\t\t\t\t<\/div>\n\t\t<\/div>\n\t\t\t\t<div class=\"elementor-column elementor-col-33 elementor-top-column elementor-element elementor-element-71a54c1\" data-id=\"71a54c1\" data-element_type=\"column\" data-e-type=\"column\">\n\t\t\t<div class=\"elementor-widget-wrap elementor-element-populated\">\n\t\t\t\t\t\t<div class=\"elementor-element elementor-element-6651600 elementor-widget elementor-widget-tf-pricetable\" data-id=\"6651600\" data-element_type=\"widget\" data-e-type=\"widget\" data-widget_type=\"tf-pricetable.default\">\n\t\t\t\t<div class=\"elementor-widget-container\">\n\t\t\t\t\t<div id=\"tf-pricetable-6651600\" class=\"tf-pricetable\" data-tabid=\"6651600\">\n                <div class=\"header-price\">\n                                <div class=\"icon\"><i aria-hidden=\"true\" class=\"carenowmedical-icon- carenow-medical-icon-microscope\"><\/i><\/div> <div class=\"price\">\u20ac149<\/div> <div class=\"title\">Komplexer Fall (Vollst\u00e4ndige Aufsicht)<\/div>\n                            <\/div>\n                <div class=\"content-list\">\n                                <div class=\"inner-content-list\"><div class=\"item elementor-repeater-item-4257a2d\">\n                            <span class=\"wrap-icon\"><i class=\"fas fa-check\"><\/i><\/span>\n                            <span class=\"text\">Alles inklusive im Premium-Paket<\/span>\n                        <\/div><div class=\"item elementor-repeater-item-495e462\">\n                            <span class=\"wrap-icon\"><i class=\"fas fa-check\"><\/i><\/span>\n                            <span class=\"text\">Vollst\u00e4ndige Fall\u00fcberwachung (einschlie\u00dflich der Zusammenarbeit mit Ihrem derzeitigen Zahnarzt, falls erforderlich)<\/span>\n                        <\/div><div class=\"item elementor-repeater-item-3c6abe6\">\n                            <span class=\"wrap-icon\"><i class=\"fas fa-check\"><\/i><\/span>\n                            <span class=\"text\">M\u00f6gliche Nachsorge und Anpassung des Behandlungsplans basierend auf Ihrem Fortschritt<\/span>\n                        <\/div><div class=\"item elementor-repeater-item-cb8f757\">\n                            <span class=\"wrap-icon\"><i class=\"fas fa-check\"><\/i><\/span>\n                            <span class=\"text\">Konzipiert f\u00fcr komplexe Implantatf\u00e4lle, vollst\u00e4ndige Zahnlosigkeit oder Patienten mit einer komplizierten Krankengeschichte<\/span>\n                        <\/div><\/div>\n                            <\/div>\n                <div class=\"wrap-button\">\n                                <a class=\"btn\" href=\"https:\/\/smartmouth.online\/de\/termin-buchen\/\"  >Erste Schritte<\/a>\n                            <\/div>\n            <\/div>\t\t\t\t<\/div>\n\t\t\t\t<\/div>\n\t\t\t\t\t<\/div>\n\t\t<\/div>\n\t\t\t\t\t<\/div>\n\t\t<\/section>\n\t\t\t\t<section class=\"elementor-section elementor-top-section elementor-element elementor-element-b40fae1 tf-animated-column-elementor elementor-section-boxed elementor-section-height-default elementor-section-height-default\" data-id=\"b40fae1\" data-element_type=\"section\" data-e-type=\"section\" data-settings=\"{&quot;background_background&quot;:&quot;classic&quot;}\">\n\t\t\t\t\t\t<div class=\"elementor-container elementor-column-gap-extended\">\n\t\t\t\t\t<div class=\"elementor-column elementor-col-33 elementor-top-column elementor-element elementor-element-da00dd4\" data-id=\"da00dd4\" data-element_type=\"column\" data-e-type=\"column\">\n\t\t\t<div class=\"elementor-widget-wrap elementor-element-populated\">\n\t\t\t\t\t\t<div class=\"elementor-element elementor-element-fe11312 elementor-widget elementor-widget-text-editor\" data-id=\"fe11312\" data-element_type=\"widget\" data-e-type=\"widget\" data-widget_type=\"text-editor.default\">\n\t\t\t\t\t\t\t\t\t<p><strong>Lieferzeit:<\/strong> 48 Stunden f\u00fcr Pakete 1 und 2 \/ 72 Stunden f\u00fcr komplexe F\u00e4lle<br><\/p>\t\t\t\t\t\t\t\t<\/div>\n\t\t\t\t\t<\/div>\n\t\t<\/div>\n\t\t\t\t<div class=\"elementor-column elementor-col-33 elementor-top-column elementor-element elementor-element-be0d913\" data-id=\"be0d913\" data-element_type=\"column\" data-e-type=\"column\">\n\t\t\t<div class=\"elementor-widget-wrap elementor-element-populated\">\n\t\t\t\t\t\t<div class=\"elementor-element elementor-element-e11c654 elementor-widget elementor-widget-text-editor\" data-id=\"e11c654\" data-element_type=\"widget\" data-e-type=\"widget\" data-widget_type=\"text-editor.default\">\n\t\t\t\t\t\t\t\t\t<p><strong>Fall\u00fcbermittlung<\/strong> erfolgt \u00fcber das Formular auf der Website:\u00a0<\/p>\t\t\t\t\t\t\t\t<\/div>\n\t\t\t\t<div class=\"elementor-element elementor-element-bd24aa5 elementor-widget elementor-widget-button\" data-id=\"bd24aa5\" data-element_type=\"widget\" data-e-type=\"widget\" data-widget_type=\"button.default\">\n\t\t\t\t\t\t\t\t\t\t<a class=\"elementor-button elementor-button-link elementor-size-sm\" href=\"https:\/\/smartmouth.online\/de\/termin-buchen\/\">\n\t\t\t\t\t\t<span class=\"elementor-button-content-wrapper\">\n\t\t\t\t\t\t<span class=\"elementor-button-icon\">\n\t\t\t\t<i aria-hidden=\"true\" class=\"carenowicon- carenow-icon-long-arrow-right2\"><\/i>\t\t\t<\/span>\n\t\t\t\t\t\t\t\t\t<span class=\"elementor-button-text\">Senden Sie Ihren Fall<\/span>\n\t\t\t\t\t<\/span>\n\t\t\t\t\t<\/a>\n\t\t\t\t\t\t\t\t<\/div>\n\t\t\t\t\t<\/div>\n\t\t<\/div>\n\t\t\t\t<div class=\"elementor-column elementor-col-33 elementor-top-column elementor-element elementor-element-31ed6cd\" data-id=\"31ed6cd\" data-element_type=\"column\" data-e-type=\"column\">\n\t\t\t<div class=\"elementor-widget-wrap elementor-element-populated\">\n\t\t\t\t\t\t<div class=\"elementor-element elementor-element-b88024d elementor-widget elementor-widget-text-editor\" data-id=\"b88024d\" data-element_type=\"widget\" data-e-type=\"widget\" data-widget_type=\"text-editor.default\">\n\t\t\t\t\t\t\t\t\t<p><strong>Der Service ist vertraulich, objektiv und frei von kommerziellem Druck<\/strong><\/p>\t\t\t\t\t\t\t\t<\/div>\n\t\t\t\t\t<\/div>\n\t\t<\/div>\n\t\t\t\t\t<\/div>\n\t\t<\/section>\n\t\t\t\t<section class=\"elementor-section elementor-top-section elementor-element elementor-element-a468dd6 elementor-section-stretched tf-animated-column-elementor elementor-section-boxed elementor-section-height-default elementor-section-height-default\" data-id=\"a468dd6\" data-element_type=\"section\" data-e-type=\"section\" data-settings=\"{&quot;stretch_section&quot;:&quot;section-stretched&quot;}\">\n\t\t\t\t\t\t<div class=\"elementor-container elementor-column-gap-extended\">\n\t\t\t\t\t<div class=\"elementor-column elementor-col-50 elementor-top-column elementor-element elementor-element-c9da556\" data-id=\"c9da556\" data-element_type=\"column\" data-e-type=\"column\">\n\t\t\t<div class=\"elementor-widget-wrap elementor-element-populated\">\n\t\t\t\t\t\t<div class=\"elementor-element elementor-element-4ce3f04 elementor-widget elementor-widget-tficonbox\" data-id=\"4ce3f04\" data-element_type=\"widget\" data-e-type=\"widget\" data-widget_type=\"tficonbox.default\">\n\t\t\t\t<div class=\"elementor-widget-container\">\n\t\t\t\t\t\t\t\t\t\t<div class=\"tficonbox left\">\n\t\t\t\t\t\n\t\t\t\t\t\t\t\t\t<div class=\"wrap-icon default\">\n\t\t\t\t\t\t<div class=\"wrap-icon-inner icon default\">\n\t\t\t\t\t\t\t<svg xmlns=\"http:\/\/www.w3.org\/2000\/svg\" width=\"83.5\" height=\"83.5\" viewbox=\"0 0 83.5 83.5\"><g transform=\"translate(-94 -244)\"><path d=\"M343.778,466.787a27.073,27.073,0,0,0-14.847-24.107,36.816,36.816,0,0,1-36.251,36.251,27,27,0,0,0,37.841,11.095l13.139,3.634-3.634-13.139a26.894,26.894,0,0,0,3.752-13.734Zm0,0\" transform=\"translate(-166.278 -166.278)\"><\/path><path d=\"M157.767,275.883a31.883,31.883,0,1,0-59.345,16.206l-4.3,15.559,15.56-4.3a31.89,31.89,0,0,0,48.089-27.462Zm-36.776-7.42H116.1a9.785,9.785,0,1,1,16.388,7.221l-4.157,3.8V283.3h-4.893v-5.97l5.746-5.26a4.843,4.843,0,0,0,1.593-3.612,4.893,4.893,0,0,0-9.785,0Zm2.446,19.733h4.893v4.893h-4.893Zm0,0\" transform=\"translate(0 0)\" fill=\"#201630\"><\/path><\/g><\/svg>\t\t\t\t\t\t<\/div>\n\t\t\t\t\t<\/div>\n\t\t\t\t\t\n\n\t\t\t\t<div class=\"content\">\n\t\t\t\t\t<h3 class=\"title\">H\u00e4ufig gestellte Fragen<\/h3>\n\t\t\t\t\t<div class=\"description\"><p>Einfach, transparent und unkompliziert<\/p><\/div>\t\t\t\t\t\n\t\t\t\t\t\n\t\t\t\t<\/div>\n\t\t\t<\/div>\n\t\t\t\t\t\t<\/div>\n\t\t\t\t<\/div>\n\t\t\t\t<div class=\"elementor-element elementor-element-4df97b9 elementor-widget-divider--view-line elementor-widget elementor-widget-divider\" data-id=\"4df97b9\" data-element_type=\"widget\" data-e-type=\"widget\" data-widget_type=\"divider.default\">\n\t\t\t\t\t\t\t<div class=\"elementor-divider\">\n\t\t\t<span class=\"elementor-divider-separator\">\n\t\t\t\t\t\t<\/span>\n\t\t<\/div>\n\t\t\t\t\t\t<\/div>\n\t\t\t\t<div class=\"elementor-element elementor-element-f237e5e elementor-widget-divider--view-line elementor-widget elementor-widget-divider\" data-id=\"f237e5e\" data-element_type=\"widget\" data-e-type=\"widget\" data-widget_type=\"divider.default\">\n\t\t\t\t\t\t\t<div class=\"elementor-divider\">\n\t\t\t<span class=\"elementor-divider-separator\">\n\t\t\t\t\t\t<\/span>\n\t\t<\/div>\n\t\t\t\t\t\t<\/div>\n\t\t\t\t<div class=\"elementor-element elementor-element-f93be48 elementor-widget elementor-widget-tfaccordion\" data-id=\"f93be48\" data-element_type=\"widget\" data-e-type=\"widget\" data-widget_type=\"tfaccordion.default\">\n\t\t\t\t<div class=\"elementor-widget-container\">\n\t\t\t\t\t<div class=\"tf-accordion\"> \r\n\t\t\t\t<div class=\"tf-accordion-item\"><div class=\"accordion-title icon_after\"><span class=\"title-text\">Wie lange dauert es, bis ich meine Antwort erhalte?<\/span> \t\t\r\n\t\t\t\t<span class=\"wrap-accordion-icon wrap-accordion-icon-right\">\t\t\r\n\t\t\t\t<span class=\"accordion-icon accordion-icon-close\"><i class=\"fas fa-plus\"><\/i><\/span>\r\n\t\t\t\t<span class=\"accordion-icon accordion-icon-open\"><i class=\"fas fa-minus\"><\/i><\/span>\r\n\t\t\t\t<\/span><\/div> <div class=\"accordion-content\"><p>Je nach Paket erhalten Sie Ihre Antwort innerhalb von 48 oder 72 Stunden. Sie werden per E-Mail oder WhatsApp benachrichtigt.<\/p><\/div><\/div><div class=\"tf-accordion-item inactive\"><div class=\"accordion-title icon_after inactive\"><span class=\"title-text\">Wer \u00fcberpr\u00fcft meine Dateien?<\/span> \t\t\r\n\t\t\t\t<span class=\"wrap-accordion-icon wrap-accordion-icon-right\">\t\t\r\n\t\t\t\t<span class=\"accordion-icon accordion-icon-close\"><i class=\"fas fa-plus\"><\/i><\/span>\r\n\t\t\t\t<span class=\"accordion-icon accordion-icon-open\"><i class=\"fas fa-minus\"><\/i><\/span>\r\n\t\t\t\t<\/span><\/div> <div class=\"accordion-content\"><p>Die Analyse wird pers\u00f6nlich von Dr. Ion Bejenari durchgef\u00fchrt \u2013 einem Kieferchirurgen mit \u00fcber 15 Jahren Erfahrung.<\/p><\/div><\/div><div class=\"tf-accordion-item inactive\"><div class=\"accordion-title icon_after inactive\"><span class=\"title-text\">Findet die Beratung 100% online statt?<\/span> \t\t\r\n\t\t\t\t<span class=\"wrap-accordion-icon wrap-accordion-icon-right\">\t\t\r\n\t\t\t\t<span class=\"accordion-icon accordion-icon-close\"><i class=\"fas fa-plus\"><\/i><\/span>\r\n\t\t\t\t<span class=\"accordion-icon accordion-icon-open\"><i class=\"fas fa-minus\"><\/i><\/span>\r\n\t\t\t\t<\/span><\/div> <div class=\"accordion-content\"><p>Ja. Es ist keine Reise erforderlich. Alles wird digital, sicher und vertraulich erledigt.<\/p><\/div><\/div>\r\n            <\/div>\t\t\t\t<\/div>\n\t\t\t\t<\/div>\n\t\t\t\t\t<\/div>\n\t\t<\/div>\n\t\t\t\t<div class=\"elementor-column elementor-col-50 elementor-top-column elementor-element elementor-element-90e3473\" data-id=\"90e3473\" data-element_type=\"column\" data-e-type=\"column\">\n\t\t\t<div class=\"elementor-widget-wrap elementor-element-populated\">\n\t\t\t\t\t\t<div class=\"elementor-element elementor-element-898d05c elementor-widget elementor-widget-tfaccordion\" data-id=\"898d05c\" data-element_type=\"widget\" data-e-type=\"widget\" data-widget_type=\"tfaccordion.default\">\n\t\t\t\t<div class=\"elementor-widget-container\">\n\t\t\t\t\t<div class=\"tf-accordion\"> \r\n\t\t\t\t<div class=\"tf-accordion-item\"><div class=\"accordion-title icon_after\"><span class=\"title-text\">Welche Dateitypen kann ich senden?<\/span> \t\t\r\n\t\t\t\t<span class=\"wrap-accordion-icon wrap-accordion-icon-right\">\t\t\r\n\t\t\t\t<span class=\"accordion-icon accordion-icon-close\"><i class=\"fas fa-plus\"><\/i><\/span>\r\n\t\t\t\t<span class=\"accordion-icon accordion-icon-open\"><i class=\"fas fa-minus\"><\/i><\/span>\r\n\t\t\t\t<\/span><\/div> <div class=\"accordion-content\"><p>Wir akzeptieren Panoramar\u00f6ntgenaufnahmen (OPG), CBCT-Scans, intraorale Fotos und bereits vorgeschlagene Behandlungspl\u00e4ne.<\/p><\/div><\/div><div class=\"tf-accordion-item inactive\"><div class=\"accordion-title icon_after inactive\"><span class=\"title-text\">Kann ich nach Erhalt der Antwort Fragen stellen?<\/span> \t\t\r\n\t\t\t\t<span class=\"wrap-accordion-icon wrap-accordion-icon-right\">\t\t\r\n\t\t\t\t<span class=\"accordion-icon accordion-icon-close\"><i class=\"fas fa-plus\"><\/i><\/span>\r\n\t\t\t\t<span class=\"accordion-icon accordion-icon-open\"><i class=\"fas fa-minus\"><\/i><\/span>\r\n\t\t\t\t<\/span><\/div> <div class=\"accordion-content\"><p>Ja \u2013 wenn Sie das Premium- oder Complex Case-Paket gew\u00e4hlt haben, haben Sie f\u00fcr weitere Fragen Zugriff auf den WhatsApp-Support.<\/p><\/div><\/div><div class=\"tf-accordion-item inactive\"><div class=\"accordion-title icon_after inactive\"><span class=\"title-text\">Kann ich eine R\u00fcckerstattung beantragen?<\/span> \t\t\r\n\t\t\t\t<span class=\"wrap-accordion-icon wrap-accordion-icon-right\">\t\t\r\n\t\t\t\t<span class=\"accordion-icon accordion-icon-close\"><i class=\"fas fa-plus\"><\/i><\/span>\r\n\t\t\t\t<span class=\"accordion-icon accordion-icon-open\"><i class=\"fas fa-minus\"><\/i><\/span>\r\n\t\t\t\t<\/span><\/div> <div class=\"accordion-content\"><p>Da es sich um einen personalisierten digitalen Service handelt, sind Betr\u00e4ge nach Beginn der Analyse nicht erstattungsf\u00e4hig.<\/p><\/div><\/div><div class=\"tf-accordion-item active\"><div class=\"accordion-title icon_after active\"><span class=\"title-text\">Wie erhalte ich meine Ergebnisse?<\/span> \t\t\r\n\t\t\t\t<span class=\"wrap-accordion-icon wrap-accordion-icon-right\">\t\t\r\n\t\t\t\t<span class=\"accordion-icon accordion-icon-close\"><i class=\"fas fa-plus\"><\/i><\/span>\r\n\t\t\t\t<span class=\"accordion-icon accordion-icon-open\"><i class=\"fas fa-minus\"><\/i><\/span>\r\n\t\t\t\t<\/span><\/div> <div class=\"accordion-content\"><p>Sie erhalten einen klaren professionellen Bericht im PDF-Format und bei Premium- oder komplexen F\u00e4llen k\u00f6nnen Sie auch eine personalisierte Videoerkl\u00e4rung von Dr. Bejenari erhalten.<\/p><\/div><\/div>\r\n            <\/div>\t\t\t\t<\/div>\n\t\t\t\t<\/div>\n\t\t\t\t\t<\/div>\n\t\t<\/div>\n\t\t\t\t\t<\/div>\n\t\t<\/section>\n\t\t\t\t<\/div>","protected":false},"excerpt":{"rendered":"<p>Packages &#038; Pricing \u2013 SmartMouth\u2122 Choose the package that fits your needs. All evaluations are conducted by Dr. Ion Bejenari, an oral surgeon with over 15 years [&hellip;]<\/p>","protected":false},"author":1,"featured_media":0,"parent":0,"menu_order":0,"comment_status":"closed","ping_status":"closed","template":"elementor_header_footer","meta":{"footnotes":""},"class_list":["post-2074","page","type-page","status-publish","hentry"],"_links":{"self":[{"href":"https:\/\/smartmouth.online\/de\/wp-json\/wp\/v2\/pages\/2074","targetHints":{"allow":["GET"]}}],"collection":[{"href":"https:\/\/smartmouth.online\/de\/wp-json\/wp\/v2\/pages"}],"about":[{"href":"https:\/\/smartmouth.online\/de\/wp-json\/wp\/v2\/types\/page"}],"author":[{"embeddable":true,"href":"https:\/\/smartmouth.online\/de\/wp-json\/wp\/v2\/users\/1"}],"replies":[{"embeddable":true,"href":"https:\/\/smartmouth.online\/de\/wp-json\/wp\/v2\/comments?post=2074"}],"version-history":[{"count":37,"href":"https:\/\/smartmouth.online\/de\/wp-json\/wp\/v2\/pages\/2074\/revisions"}],"predecessor-version":[{"id":7327,"href":"https:\/\/smartmouth.online\/de\/wp-json\/wp\/v2\/pages\/2074\/revisions\/7327"}],"wp:attachment":[{"href":"https:\/\/smartmouth.online\/de\/wp-json\/wp\/v2\/media?parent=2074"}],"curies":[{"name":"wp","href":"https:\/\/api.w.org\/{rel}","templated":true}]}}