{"id":7259,"date":"2025-08-07T09:08:33","date_gmt":"2025-08-07T09:08:33","guid":{"rendered":"https:\/\/smartmouth.online\/?page_id=7259"},"modified":"2025-10-17T10:29:20","modified_gmt":"2025-10-17T10:29:20","slug":"partner-werden","status":"publish","type":"page","link":"https:\/\/smartmouth.online\/de\/partner-werden\/","title":{"rendered":"Werden Sie Partner"},"content":{"rendered":"<div data-elementor-type=\"wp-page\" data-elementor-id=\"7259\" class=\"elementor elementor-7259\">\n\t\t\t\t\t\t<section class=\"elementor-section elementor-top-section elementor-element elementor-element-cea4891 elementor-section-boxed elementor-section-height-default elementor-section-height-default\" data-id=\"cea4891\" data-element_type=\"section\" data-e-type=\"section\">\n\t\t\t\t\t\t<div class=\"elementor-container elementor-column-gap-extended\">\n\t\t\t\t\t<div class=\"elementor-column elementor-col-50 elementor-top-column elementor-element elementor-element-4da7fd8\" data-id=\"4da7fd8\" data-element_type=\"column\" data-e-type=\"column\">\n\t\t\t<div class=\"elementor-widget-wrap elementor-element-populated\">\n\t\t\t\t\t\t<div class=\"elementor-element elementor-element-8041b80 elementor-widget elementor-widget-tf-title-section\" data-id=\"8041b80\" data-element_type=\"widget\" data-e-type=\"widget\" data-widget_type=\"tf-title-section.default\">\n\t\t\t\t<div class=\"elementor-widget-container\">\n\t\t\t\t\t<div id=\"tf-title-section-8041b80\" class=\"tf-title-section\" data-tabid=\"8041b80\"> \r\n\t\t\t\t\r\n\t\t\t<div class=\"title-section\">\r\n\t\t\t\t\r\n\t\t\t\t<h2 class=\"heading\">Partner \/ Angeschlossene Kliniken - SmartMouth\u2122<\/h2>\r\n\t\t\t\t<div class=\"sub-title\"><p data-start=\"168\" data-end=\"336\"><strong data-start=\"168\" data-end=\"183\">SmartMouth\u2122<\/strong> arbeitet mit Zahnkliniken auf der ganzen Welt zusammen, die unsere Grundwerte teilen: Professionalit\u00e4t, Klarheit, medizinische Ethik und ein patientenzentrierter Ansatz.<\/p><p data-start=\"338\" data-end=\"516\">Auf dieser Seite finden Sie unsere vertrauensw\u00fcrdigen Partner - Kliniken, die in der Lage sind, die von SmartMouth\u2122 empfohlenen Behandlungen nach einer diagnostischen \u00dcberpr\u00fcfung zu \u00fcbernehmen und so eine sichere und transparente Versorgung zu gew\u00e4hrleisten.<\/p><\/div>\r\n\t\t\t<\/div>                \r\n            <\/div>\t\t\t\t<\/div>\n\t\t\t\t<\/div>\n\t\t\t\t\t<\/div>\n\t\t<\/div>\n\t\t\t\t<div class=\"elementor-column elementor-col-50 elementor-top-column elementor-element elementor-element-66b85c5\" data-id=\"66b85c5\" data-element_type=\"column\" data-e-type=\"column\">\n\t\t\t<div class=\"elementor-widget-wrap elementor-element-populated\">\n\t\t\t\t\t\t<div class=\"elementor-element elementor-element-9b37866 elementor-widget elementor-widget-image\" data-id=\"9b37866\" data-element_type=\"widget\" data-e-type=\"widget\" data-widget_type=\"image.default\">\n\t\t\t\t\t\t\t\t\t\t\t\t\t\t\t<img decoding=\"async\" src=\"https:\/\/smartmouth.online\/wp-content\/uploads\/elementor\/thumbs\/6267fe4319bdc62a30651a1f_doctors-with-jaw-x-ray-on-tablet-pc-at-clinic-web-r9t8smwix7dwpyt1u51k3ygcl1a88p5v3n1dzqdje6.jpg\" alt=\"Medizin, Gesundheitswesen und Kieferchirurgie Konzept - Gruppe von \u00c4rzten oder Chirurgen diskutieren Kiefer R\u00f6ntgenbild auf Tablet-PC-Computer-Bildschirm im Krankenhaus oder Gesicht und Kieferchirurgie Zentrum\" \/>\t\t\t\t\t\t\t\t\t\t\t\t\t\t\t<\/div>\n\t\t\t\t\t<\/div>\n\t\t<\/div>\n\t\t\t\t\t<\/div>\n\t\t<\/section>\n\t\t\t\t<section class=\"elementor-section elementor-top-section elementor-element elementor-element-566fe0d elementor-section-boxed elementor-section-height-default elementor-section-height-default\" data-id=\"566fe0d\" data-element_type=\"section\" data-e-type=\"section\">\n\t\t\t\t\t\t<div class=\"elementor-container elementor-column-gap-extended\">\n\t\t\t\t\t<div class=\"elementor-column elementor-col-50 elementor-top-column elementor-element elementor-element-8e84c37\" data-id=\"8e84c37\" data-element_type=\"column\" data-e-type=\"column\">\n\t\t\t<div class=\"elementor-widget-wrap elementor-element-populated\">\n\t\t\t\t\t\t<div class=\"elementor-element elementor-element-9ab7c44 elementor-widget elementor-widget-image\" data-id=\"9ab7c44\" data-element_type=\"widget\" data-e-type=\"widget\" data-widget_type=\"image.default\">\n\t\t\t\t\t\t\t\t\t\t\t\t\t\t\t<img decoding=\"async\" src=\"https:\/\/smartmouth.online\/wp-content\/uploads\/elementor\/thumbs\/Frame-1321317458-r9rm4xnj039mjrxfk3m8g6qiktlls9cnkkwb9ins1o.png\" alt=\"Rahmen 1321317458\" \/>\t\t\t\t\t\t\t\t\t\t\t\t\t\t\t<\/div>\n\t\t\t\t\t<\/div>\n\t\t<\/div>\n\t\t\t\t<div class=\"elementor-column elementor-col-50 elementor-top-column elementor-element elementor-element-d0af730\" data-id=\"d0af730\" data-element_type=\"column\" data-e-type=\"column\">\n\t\t\t<div class=\"elementor-widget-wrap elementor-element-populated\">\n\t\t\t\t\t\t<div class=\"elementor-element elementor-element-d142299 elementor-widget elementor-widget-tf-title-section\" data-id=\"d142299\" data-element_type=\"widget\" data-e-type=\"widget\" data-widget_type=\"tf-title-section.default\">\n\t\t\t\t<div class=\"elementor-widget-container\">\n\t\t\t\t\t<div id=\"tf-title-section-d142299\" class=\"tf-title-section\" data-tabid=\"d142299\"> \r\n\t\t\t\t\r\n\t\t\t<div class=\"title-section\">\r\n\t\t\t\t\r\n\t\t\t\t<h2 class=\"heading\"> Warum ein SmartMouth\u2122-Partner werden?<\/h2>\r\n\t\t\t\t\r\n\t\t\t<\/div>                \r\n            <\/div>\t\t\t\t<\/div>\n\t\t\t\t<\/div>\n\t\t\t\t<div class=\"elementor-element elementor-element-8633a8a item-animated elementor-icon-list--layout-traditional elementor-list-item-link-full_width elementor-widget elementor-widget-icon-list\" data-id=\"8633a8a\" data-element_type=\"widget\" data-e-type=\"widget\" data-widget_type=\"icon-list.default\">\n\t\t\t\t\t\t\t<ul class=\"elementor-icon-list-items\">\n\t\t\t\t\t\t\t<li class=\"elementor-icon-list-item\">\n\t\t\t\t\t\t\t\t\t\t\t<span class=\"elementor-icon-list-icon\">\n\t\t\t\t\t\t\t<svg aria-hidden=\"true\" class=\"e-font-icon-svg e-fas-check-circle\" viewbox=\"0 0 512 512\" xmlns=\"http:\/\/www.w3.org\/2000\/svg\"><path d=\"M504 256c0 136.967-111.033 248-248 248S8 392.967 8 256 119.033 8 256 8s248 111.033 248 248zM227.314 387.314l184-184c6.248-6.248 6.248-16.379 0-22.627l-22.627-22.627c-6.248-6.249-16.379-6.249-22.628 0L216 308.118l-70.059-70.059c-6.248-6.248-16.379-6.248-22.628 0l-22.627 22.627c-6.248 6.248-6.248 16.379 0 22.627l104 104c6.249 6.249 16.379 6.249 22.628.001z\"><\/path><\/svg>\t\t\t\t\t\t<\/span>\n\t\t\t\t\t\t\t\t\t\t<span class=\"elementor-icon-list-text\"> Zugang zu gut informierten internationalen Patienten<\/span>\n\t\t\t\t\t\t\t\t\t<\/li>\n\t\t\t\t\t\t\t\t<li class=\"elementor-icon-list-item\">\n\t\t\t\t\t\t\t\t\t\t\t<span class=\"elementor-icon-list-icon\">\n\t\t\t\t\t\t\t<svg aria-hidden=\"true\" class=\"e-font-icon-svg e-fas-check-circle\" viewbox=\"0 0 512 512\" xmlns=\"http:\/\/www.w3.org\/2000\/svg\"><path d=\"M504 256c0 136.967-111.033 248-248 248S8 392.967 8 256 119.033 8 256 8s248 111.033 248 248zM227.314 387.314l184-184c6.248-6.248 6.248-16.379 0-22.627l-22.627-22.627c-6.248-6.249-16.379-6.249-22.628 0L216 308.118l-70.059-70.059c-6.248-6.248-16.379-6.248-22.628 0l-22.627 22.627c-6.248 6.248-6.248 16.379 0 22.627l104 104c6.249 6.249 16.379 6.249 22.628.001z\"><\/path><\/svg>\t\t\t\t\t\t<\/span>\n\t\t\t\t\t\t\t\t\t\t<span class=\"elementor-icon-list-text\">Erh\u00f6htes Vertrauen und Glaubw\u00fcrdigkeit durch die Verbindung mit einer ethischen Marke<\/span>\n\t\t\t\t\t\t\t\t\t<\/li>\n\t\t\t\t\t\t\t\t<li class=\"elementor-icon-list-item\">\n\t\t\t\t\t\t\t\t\t\t\t<span class=\"elementor-icon-list-icon\">\n\t\t\t\t\t\t\t<svg aria-hidden=\"true\" class=\"e-font-icon-svg e-fas-check-circle\" viewbox=\"0 0 512 512\" xmlns=\"http:\/\/www.w3.org\/2000\/svg\"><path d=\"M504 256c0 136.967-111.033 248-248 248S8 392.967 8 256 119.033 8 256 8s248 111.033 248 248zM227.314 387.314l184-184c6.248-6.248 6.248-16.379 0-22.627l-22.627-22.627c-6.248-6.249-16.379-6.249-22.628 0L216 308.118l-70.059-70.059c-6.248-6.248-16.379-6.248-22.628 0l-22.627 22.627c-6.248 6.248-6.248 16.379 0 22.627l104 104c6.249 6.249 16.379 6.249 22.628.001z\"><\/path><\/svg>\t\t\t\t\t\t<\/span>\n\t\t\t\t\t\t\t\t\t\t<span class=\"elementor-icon-list-text\">\u00dcbersichtliche, gebrauchsfertige Fallberichte f\u00fcr chirurgische oder prothetische Eingriffe<\/span>\n\t\t\t\t\t\t\t\t\t<\/li>\n\t\t\t\t\t\t\t\t<li class=\"elementor-icon-list-item\">\n\t\t\t\t\t\t\t\t\t\t\t<span class=\"elementor-icon-list-icon\">\n\t\t\t\t\t\t\t<svg aria-hidden=\"true\" class=\"e-font-icon-svg e-fas-check-circle\" viewbox=\"0 0 512 512\" xmlns=\"http:\/\/www.w3.org\/2000\/svg\"><path d=\"M504 256c0 136.967-111.033 248-248 248S8 392.967 8 256 119.033 8 256 8s248 111.033 248 248zM227.314 387.314l184-184c6.248-6.248 6.248-16.379 0-22.627l-22.627-22.627c-6.248-6.249-16.379-6.249-22.628 0L216 308.118l-70.059-70.059c-6.248-6.248-16.379-6.248-22.628 0l-22.627 22.627c-6.248 6.248-6.248 16.379 0 22.627l104 104c6.249 6.249 16.379 6.249 22.628.001z\"><\/path><\/svg>\t\t\t\t\t\t<\/span>\n\t\t\t\t\t\t\t\t\t\t<span class=\"elementor-icon-list-text\">Keine Mitgliedskosten w\u00e4hrend der Pilotphase<\/span>\n\t\t\t\t\t\t\t\t\t<\/li>\n\t\t\t\t\t\t\t\t<li class=\"elementor-icon-list-item\">\n\t\t\t\t\t\t\t\t\t\t\t<span class=\"elementor-icon-list-icon\">\n\t\t\t\t\t\t\t<svg aria-hidden=\"true\" class=\"e-font-icon-svg e-fas-check-circle\" viewbox=\"0 0 512 512\" xmlns=\"http:\/\/www.w3.org\/2000\/svg\"><path d=\"M504 256c0 136.967-111.033 248-248 248S8 392.967 8 256 119.033 8 256 8s248 111.033 248 248zM227.314 387.314l184-184c6.248-6.248 6.248-16.379 0-22.627l-22.627-22.627c-6.248-6.249-16.379-6.249-22.628 0L216 308.118l-70.059-70.059c-6.248-6.248-16.379-6.248-22.628 0l-22.627 22.627c-6.248 6.248-6.248 16.379 0 22.627l104 104c6.249 6.249 16.379 6.249 22.628.001z\"><\/path><\/svg>\t\t\t\t\t\t<\/span>\n\t\t\t\t\t\t\t\t\t\t<span class=\"elementor-icon-list-text\">M\u00f6glichkeit, sich einem wachsenden internationalen Empfehlungsnetzwerk anzuschlie\u00dfen<\/span>\n\t\t\t\t\t\t\t\t\t<\/li>\n\t\t\t\t\t\t<\/ul>\n\t\t\t\t\t\t<\/div>\n\t\t\t\t\t<\/div>\n\t\t<\/div>\n\t\t\t\t\t<\/div>\n\t\t<\/section>\n\t\t\t\t<section class=\"elementor-section elementor-top-section elementor-element elementor-element-37c914e tf-animated-column-elementor elementor-section-boxed elementor-section-height-default elementor-section-height-default\" data-id=\"37c914e\" data-element_type=\"section\" data-e-type=\"section\" data-settings=\"{&quot;background_background&quot;:&quot;classic&quot;}\">\n\t\t\t\t\t\t<div class=\"elementor-container elementor-column-gap-extended\">\n\t\t\t\t\t<div class=\"elementor-column elementor-col-100 elementor-top-column elementor-element elementor-element-2fa7541\" data-id=\"2fa7541\" data-element_type=\"column\" data-e-type=\"column\">\n\t\t\t<div class=\"elementor-widget-wrap elementor-element-populated\">\n\t\t\t\t\t\t<div class=\"elementor-element elementor-element-9ebcc90 elementor-widget elementor-widget-tf-title-section\" data-id=\"9ebcc90\" data-element_type=\"widget\" data-e-type=\"widget\" data-widget_type=\"tf-title-section.default\">\n\t\t\t\t<div class=\"elementor-widget-container\">\n\t\t\t\t\t<div id=\"tf-title-section-9ebcc90\" class=\"tf-title-section\" data-tabid=\"9ebcc90\"> \r\n\t\t\t\t\r\n\t\t\t<div class=\"title-section\">\r\n\t\t\t\t\r\n\t\t\t\t<h2 class=\"heading\">Wie funktioniert die Partnerschaft?<\/h2>\r\n\t\t\t\t\r\n\t\t\t<\/div>                \r\n            <\/div>\t\t\t\t<\/div>\n\t\t\t\t<\/div>\n\t\t\t\t\t<\/div>\n\t\t<\/div>\n\t\t\t\t\t<\/div>\n\t\t<\/section>\n\t\t\t\t<section class=\"elementor-section elementor-top-section elementor-element elementor-element-bad3f1f tf-animated-column-elementor elementor-section-boxed elementor-section-height-default elementor-section-height-default\" data-id=\"bad3f1f\" data-element_type=\"section\" data-e-type=\"section\" data-settings=\"{&quot;background_background&quot;:&quot;classic&quot;}\">\n\t\t\t\t\t\t<div class=\"elementor-container elementor-column-gap-extended\">\n\t\t\t\t\t<div class=\"elementor-column elementor-col-25 elementor-top-column elementor-element elementor-element-832549c\" data-id=\"832549c\" data-element_type=\"column\" data-e-type=\"column\">\n\t\t\t<div class=\"elementor-widget-wrap elementor-element-populated\">\n\t\t\t\t\t\t<div class=\"elementor-element elementor-element-b10ee71 elementor-widget elementor-widget-tficonbox\" data-id=\"b10ee71\" data-element_type=\"widget\" data-e-type=\"widget\" data-widget_type=\"tficonbox.default\">\n\t\t\t\t<div class=\"elementor-widget-container\">\n\t\t\t\t\t\t\t\t\t\t<div class=\"tficonbox left\">\n\t\t\t\t\t\n\t\t\t\t\t\n\n\t\t\t\t<div class=\"content\">\n\t\t\t\t\t<h3 class=\"title\">1. Die Klinik registriert sich als Partner auf der Plattform<\/h3>\n\t\t\t\t\t<div class=\"description\"><\/div>\t\t\t\t\t\n\t\t\t\t\t\n\t\t\t\t<\/div>\n\t\t\t<\/div>\n\t\t\t\t\t\t<\/div>\n\t\t\t\t<\/div>\n\t\t\t\t\t<\/div>\n\t\t<\/div>\n\t\t\t\t<div class=\"elementor-column elementor-col-25 elementor-top-column elementor-element elementor-element-fc18239\" data-id=\"fc18239\" data-element_type=\"column\" data-e-type=\"column\">\n\t\t\t<div class=\"elementor-widget-wrap elementor-element-populated\">\n\t\t\t\t\t\t<div class=\"elementor-element elementor-element-4e93ef8 elementor-widget elementor-widget-tficonbox\" data-id=\"4e93ef8\" data-element_type=\"widget\" data-e-type=\"widget\" data-widget_type=\"tficonbox.default\">\n\t\t\t\t<div class=\"elementor-widget-container\">\n\t\t\t\t\t\t\t\t\t\t<div class=\"tficonbox left\">\n\t\t\t\t\t\n\t\t\t\t\t\n\n\t\t\t\t<div class=\"content\">\n\t\t\t\t\t<h3 class=\"title\">2. nimmt F\u00e4lle entgegen, die f\u00fcr seine Fachgebiete relevant sind<\/h3>\n\t\t\t\t\t<div class=\"description\"><\/div>\t\t\t\t\t\n\t\t\t\t\t\n\t\t\t\t<\/div>\n\t\t\t<\/div>\n\t\t\t\t\t\t<\/div>\n\t\t\t\t<\/div>\n\t\t\t\t\t<\/div>\n\t\t<\/div>\n\t\t\t\t<div class=\"elementor-column elementor-col-25 elementor-top-column elementor-element elementor-element-bd96f17\" data-id=\"bd96f17\" data-element_type=\"column\" data-e-type=\"column\">\n\t\t\t<div class=\"elementor-widget-wrap elementor-element-populated\">\n\t\t\t\t\t\t<div class=\"elementor-element elementor-element-416f4a7 elementor-widget elementor-widget-tficonbox\" data-id=\"416f4a7\" data-element_type=\"widget\" data-e-type=\"widget\" data-widget_type=\"tficonbox.default\">\n\t\t\t\t<div class=\"elementor-widget-container\">\n\t\t\t\t\t\t\t\t\t\t<div class=\"tficonbox left\">\n\t\t\t\t\t\n\t\t\t\t\t\n\n\t\t\t\t<div class=\"content\">\n\t\t\t\t\t<h3 class=\"title\">3. Entscheidet \u00fcber die Annahme eines jeden Falles und legt seine eigenen Bedingungen fest<\/h3>\n\t\t\t\t\t<div class=\"description\"><\/div>\t\t\t\t\t\n\t\t\t\t\t\n\t\t\t\t<\/div>\n\t\t\t<\/div>\n\t\t\t\t\t\t<\/div>\n\t\t\t\t<\/div>\n\t\t\t\t\t<\/div>\n\t\t<\/div>\n\t\t\t\t<div class=\"elementor-column elementor-col-25 elementor-top-column elementor-element elementor-element-b17d32a\" data-id=\"b17d32a\" data-element_type=\"column\" data-e-type=\"column\">\n\t\t\t<div class=\"elementor-widget-wrap elementor-element-populated\">\n\t\t\t\t\t\t<div class=\"elementor-element elementor-element-c6fd080 elementor-widget elementor-widget-tficonbox\" data-id=\"c6fd080\" data-element_type=\"widget\" data-e-type=\"widget\" data-widget_type=\"tficonbox.default\">\n\t\t\t\t<div class=\"elementor-widget-container\">\n\t\t\t\t\t\t\t\t\t\t<div class=\"tficonbox left\">\n\t\t\t\t\t\n\t\t\t\t\t\n\n\t\t\t\t<div class=\"content\">\n\t\t\t\t\t<h3 class=\"title\">4. kommuniziert direkt mit dem Patienten - keine versteckten Geb\u00fchren oder Provisionen<\/h3>\n\t\t\t\t\t<div class=\"description\"><\/div>\t\t\t\t\t\n\t\t\t\t\t\n\t\t\t\t<\/div>\n\t\t\t<\/div>\n\t\t\t\t\t\t<\/div>\n\t\t\t\t<\/div>\n\t\t\t\t\t<\/div>\n\t\t<\/div>\n\t\t\t\t\t<\/div>\n\t\t<\/section>\n\t\t\t\t<section class=\"elementor-section elementor-top-section elementor-element elementor-element-9c028a8 elementor-section-boxed elementor-section-height-default elementor-section-height-default\" data-id=\"9c028a8\" data-element_type=\"section\" data-e-type=\"section\" data-settings=\"{&quot;background_background&quot;:&quot;classic&quot;}\">\n\t\t\t\t\t\t<div class=\"elementor-container elementor-column-gap-extended\">\n\t\t\t\t\t<div class=\"elementor-column elementor-col-50 elementor-top-column elementor-element elementor-element-0eb76d6\" data-id=\"0eb76d6\" data-element_type=\"column\" data-e-type=\"column\">\n\t\t\t<div class=\"elementor-widget-wrap elementor-element-populated\">\n\t\t\t\t\t\t<div class=\"elementor-element elementor-element-69ee13f elementor-widget elementor-widget-tf-title-section\" data-id=\"69ee13f\" data-element_type=\"widget\" data-e-type=\"widget\" data-widget_type=\"tf-title-section.default\">\n\t\t\t\t<div class=\"elementor-widget-container\">\n\t\t\t\t\t<div id=\"tf-title-section-69ee13f\" class=\"tf-title-section\" data-tabid=\"69ee13f\"> \r\n\t\t\t\t\r\n\t\t\t<div class=\"title-section\">\r\n\t\t\t\t\r\n\t\t\t\t<h2 class=\"heading\">Werden Sie ein SmartMouth\u2122-Partner<\/h2>\r\n\t\t\t\t<div class=\"sub-title\"><p>Sind Sie ein Klinikmanager und m\u00f6chten sich unserem Netzwerk anschlie\u00dfen?<\/p><p>Sobald Ihre Klinik verifiziert ist, wird sie \u00f6ffentlich aufgef\u00fchrt und kann direkte \u00dcberweisungen erhalten.<\/p><\/div>\r\n\t\t\t<\/div>                \r\n            <\/div>\t\t\t\t<\/div>\n\t\t\t\t<\/div>\n\t\t\t\t\t<\/div>\n\t\t<\/div>\n\t\t\t\t<div class=\"elementor-column elementor-col-50 elementor-top-column elementor-element elementor-element-872fe9c\" data-id=\"872fe9c\" data-element_type=\"column\" data-e-type=\"column\">\n\t\t\t<div class=\"elementor-widget-wrap elementor-element-populated\">\n\t\t\t\t\t\t<div class=\"elementor-element elementor-element-563bfa7 elementor-widget elementor-widget-tf-title-section\" data-id=\"563bfa7\" data-element_type=\"widget\" data-e-type=\"widget\" data-widget_type=\"tf-title-section.default\">\n\t\t\t\t<div class=\"elementor-widget-container\">\n\t\t\t\t\t<div id=\"tf-title-section-563bfa7\" class=\"tf-title-section\" data-tabid=\"563bfa7\"> \r\n\t\t\t\t\r\n\t\t\t<div class=\"title-section\">\r\n\t\t\t\t\r\n\t\t\t\t<h2 class=\"heading\">Wenden Sie sich an uns:<\/h2>\r\n\t\t\t\t<div class=\"sub-title\"><p>partners@smartmouth.online<\/p><\/div>\r\n\t\t\t<\/div>                \r\n            <\/div>\t\t\t\t<\/div>\n\t\t\t\t<\/div>\n\t\t\t\t\t<\/div>\n\t\t<\/div>\n\t\t\t\t\t<\/div>\n\t\t<\/section>\n\t\t\t\t<\/div>","protected":false},"excerpt":{"rendered":"<p>Partners \/ Affiliated Clinics \u2013 SmartMouth\u2122 SmartMouth\u2122 collaborates with dental clinics around the world that share our core values: professionalism, clarity, medical ethics, and a patient-centered approach. [&hellip;]<\/p>","protected":false},"author":1,"featured_media":0,"parent":0,"menu_order":0,"comment_status":"closed","ping_status":"closed","template":"tpl\/front-page.php","meta":{"footnotes":""},"class_list":["post-7259","page","type-page","status-publish","hentry"],"_links":{"self":[{"href":"https:\/\/smartmouth.online\/de\/wp-json\/wp\/v2\/pages\/7259","targetHints":{"allow":["GET"]}}],"collection":[{"href":"https:\/\/smartmouth.online\/de\/wp-json\/wp\/v2\/pages"}],"about":[{"href":"https:\/\/smartmouth.online\/de\/wp-json\/wp\/v2\/types\/page"}],"author":[{"embeddable":true,"href":"https:\/\/smartmouth.online\/de\/wp-json\/wp\/v2\/users\/1"}],"replies":[{"embeddable":true,"href":"https:\/\/smartmouth.online\/de\/wp-json\/wp\/v2\/comments?post=7259"}],"version-history":[{"count":26,"href":"https:\/\/smartmouth.online\/de\/wp-json\/wp\/v2\/pages\/7259\/revisions"}],"predecessor-version":[{"id":8848,"href":"https:\/\/smartmouth.online\/de\/wp-json\/wp\/v2\/pages\/7259\/revisions\/8848"}],"wp:attachment":[{"href":"https:\/\/smartmouth.online\/de\/wp-json\/wp\/v2\/media?parent=7259"}],"curies":[{"name":"wp","href":"https:\/\/api.w.org\/{rel}","templated":true}]}}