{"id":2074,"date":"2022-01-05T01:10:12","date_gmt":"2022-01-05T01:10:12","guid":{"rendered":"https:\/\/themesflat.com\/carenowwp\/?page_id=2074"},"modified":"2025-09-05T14:59:17","modified_gmt":"2025-09-05T14:59:17","slug":"planuri-de-preturi","status":"publish","type":"page","link":"https:\/\/smartmouth.online\/ro\/planuri-de-preturi\/","title":{"rendered":"Planuri \u0219i pre\u021buri"},"content":{"rendered":"<div data-elementor-type=\"wp-page\" data-elementor-id=\"2074\" class=\"elementor elementor-2074\">\n\t\t\t\t\t\t<section class=\"elementor-section elementor-top-section elementor-element elementor-element-fcae35e elementor-section-boxed elementor-section-height-default elementor-section-height-default\" data-id=\"fcae35e\" data-element_type=\"section\" data-e-type=\"section\">\n\t\t\t\t\t\t<div class=\"elementor-container elementor-column-gap-default\">\n\t\t\t\t\t<div class=\"elementor-column elementor-col-100 elementor-top-column elementor-element elementor-element-4feb7d0\" data-id=\"4feb7d0\" data-element_type=\"column\" data-e-type=\"column\">\n\t\t\t<div class=\"elementor-widget-wrap elementor-element-populated\">\n\t\t\t\t\t\t<section class=\"elementor-section elementor-inner-section elementor-element elementor-element-f25c288 elementor-section-boxed elementor-section-height-default elementor-section-height-default\" data-id=\"f25c288\" data-element_type=\"section\" data-e-type=\"section\">\n\t\t\t\t\t\t<div class=\"elementor-container elementor-column-gap-extended\">\n\t\t\t\t\t<div class=\"elementor-column elementor-col-100 elementor-inner-column elementor-element elementor-element-7dcdcf8\" data-id=\"7dcdcf8\" data-element_type=\"column\" data-e-type=\"column\">\n\t\t\t<div class=\"elementor-widget-wrap elementor-element-populated\">\n\t\t\t\t\t\t<div class=\"elementor-element elementor-element-29fcd14 elementor-widget elementor-widget-tf-title-section\" data-id=\"29fcd14\" data-element_type=\"widget\" data-e-type=\"widget\" data-widget_type=\"tf-title-section.default\">\n\t\t\t\t<div class=\"elementor-widget-container\">\n\t\t\t\t\t<div id=\"tf-title-section-29fcd14\" class=\"tf-title-section\" data-tabid=\"29fcd14\"> \r\n\t\t\t\t\r\n\t\t\t<div class=\"title-section\">\r\n\t\t\t\t\r\n\t\t\t\t<h2 class=\"heading\">Pachete \u0219i pre\u021buri - SmartMouth\u2122<\/h2>\r\n\t\t\t\t<div class=\"sub-title\"><p data-start=\"572\" data-end=\"691\">Alege\u021bi pachetul care se potrive\u0219te nevoilor dvs. Toate evalu\u0103rile sunt efectuate de Dr. Ion Bejenari, un chirurg oral cu peste 15 ani de experien\u021b\u0103 \u00een implantologie \u0219i chirurgie oral\u0103 complex\u0103.<\/p><\/div>\r\n\t\t\t<\/div>                \r\n            <\/div>\t\t\t\t<\/div>\n\t\t\t\t<\/div>\n\t\t\t\t\t<\/div>\n\t\t<\/div>\n\t\t\t\t\t<\/div>\n\t\t<\/section>\n\t\t\t\t\t<\/div>\n\t\t<\/div>\n\t\t\t\t\t<\/div>\n\t\t<\/section>\n\t\t\t\t<section class=\"elementor-section elementor-top-section elementor-element elementor-element-5985c87 elementor-section-content-middle tf-animated-column-elementor elementor-section-boxed elementor-section-height-default elementor-section-height-default\" data-id=\"5985c87\" data-element_type=\"section\" data-e-type=\"section\">\n\t\t\t\t\t\t<div class=\"elementor-container elementor-column-gap-no\">\n\t\t\t\t\t<div class=\"elementor-column elementor-col-33 elementor-top-column elementor-element elementor-element-7b1aa8d\" data-id=\"7b1aa8d\" data-element_type=\"column\" data-e-type=\"column\">\n\t\t\t<div class=\"elementor-widget-wrap elementor-element-populated\">\n\t\t\t\t\t\t<div class=\"elementor-element elementor-element-157f186 elementor-widget elementor-widget-tf-pricetable\" data-id=\"157f186\" data-element_type=\"widget\" data-e-type=\"widget\" data-widget_type=\"tf-pricetable.default\">\n\t\t\t\t<div class=\"elementor-widget-container\">\n\t\t\t\t\t<div id=\"tf-pricetable-157f186\" class=\"tf-pricetable\" data-tabid=\"157f186\">\n                <div class=\"header-price\">\n                                <div class=\"icon\"><i aria-hidden=\"true\" class=\"carenow-medical-icon-medical-insurance\"><\/i><\/div> <div class=\"price\">\u20ac49<\/div> <div class=\"title\">Recenzie rapid\u0103 <\/div>\n                            <\/div>\n                <div class=\"content-list\">\n                                <div class=\"inner-content-list\"><div class=\"item elementor-repeater-item-4257a2d\">\n                            <span class=\"wrap-icon\"><i class=\"fas fa-check\"><\/i><\/span>\n                            <span class=\"text\"> Analiz\u0103 scris\u0103 a fi\u0219ierelor dumneavoastr\u0103 imagistice (radiografii panoramice, CBCT, fotografii)<\/span>\n                        <\/div><div class=\"item elementor-repeater-item-495e462\">\n                            <span class=\"wrap-icon\"><i class=\"fas fa-check\"><\/i><\/span>\n                            <span class=\"text\">Recomand\u0103ri profesionale pentru tratamentul optim<\/span>\n                        <\/div><div class=\"item elementor-repeater-item-f3d681f\">\n                            <span class=\"wrap-icon\"><i class=\"fas fa-check\"><\/i><\/span>\n                            <span class=\"text\"> Livrat ca PDF \u00een termen de 48 de ore<\/span>\n                        <\/div><div class=\"item elementor-repeater-item-3217114\">\n                            <span class=\"wrap-icon\"><i class=\"fas fa-check\"><\/i><\/span>\n                            <span class=\"text\">F\u0103r\u0103 jargon medical \u2013 doar explica\u021bii clare \u0219i logice<\/span>\n                        <\/div><div class=\"item elementor-repeater-item-375217d\">\n                            <span class=\"wrap-icon\"><i class=\"fas fa-check\"><\/i><\/span>\n                            <span class=\"text\">Perfect pentru a ob\u021bine o a doua opinie<\/span>\n                        <\/div><\/div>\n                            <\/div>\n                <div class=\"wrap-button\">\n                                <a class=\"btn\" href=\"https:\/\/smartmouth.online\/ro\/programare\/\"  >\u00cencepe\u021bi<\/a>\n                            <\/div>\n            <\/div>\t\t\t\t<\/div>\n\t\t\t\t<\/div>\n\t\t\t\t\t<\/div>\n\t\t<\/div>\n\t\t\t\t<div class=\"elementor-column elementor-col-33 elementor-top-column elementor-element elementor-element-6b46ea0\" data-id=\"6b46ea0\" data-element_type=\"column\" data-e-type=\"column\">\n\t\t\t<div class=\"elementor-widget-wrap elementor-element-populated\">\n\t\t\t\t\t\t<div class=\"elementor-element elementor-element-11744cd elementor-widget elementor-widget-tf-pricetable\" data-id=\"11744cd\" data-element_type=\"widget\" data-e-type=\"widget\" data-widget_type=\"tf-pricetable.default\">\n\t\t\t\t<div class=\"elementor-widget-container\">\n\t\t\t\t\t<div id=\"tf-pricetable-11744cd\" class=\"tf-pricetable\" data-tabid=\"11744cd\">\n                <div class=\"header-price\">\n                                <div class=\"icon\"><i aria-hidden=\"true\" class=\"carenowmedical-icon- carenow-medical-icon-dental-care\"><\/i><\/div> <div class=\"price\">\u20ac79<\/div> <div class=\"title\">Premium (Explica\u021bie video)<\/div>\n                            <\/div>\n                <div class=\"content-list\">\n                                <div class=\"inner-content-list\"><div class=\"item elementor-repeater-item-4257a2d\">\n                            <span class=\"wrap-icon\"><i class=\"fas fa-check\"><\/i><\/span>\n                            <span class=\"text\">Totul inclus \u00een Pachetul 1<\/span>\n                        <\/div><div class=\"item elementor-repeater-item-495e462\">\n                            <span class=\"wrap-icon\"><i class=\"fas fa-check\"><\/i><\/span>\n                            <span class=\"text\">Explica\u021bie video personalizat\u0103 (2\u20133 minute)<\/span>\n                        <\/div><div class=\"item elementor-repeater-item-3c6abe6\">\n                            <span class=\"wrap-icon\"><i class=\"fas fa-check\"><\/i><\/span>\n                            <span class=\"text\"> Demonstra\u021bie vizual\u0103 a problemei \u0219i a solu\u021biei<\/span>\n                        <\/div><div class=\"item elementor-repeater-item-cb8f757\">\n                            <span class=\"wrap-icon\"><i class=\"fas fa-check\"><\/i><\/span>\n                            <span class=\"text\">Op\u021biune de a pune \u00eentreb\u0103ri ulterioare prin WhatsApp<\/span>\n                        <\/div><div class=\"item elementor-repeater-item-dd1b90f\">\n                            <span class=\"wrap-icon\"><i class=\"fas fa-check\"><\/i><\/span>\n                            <span class=\"text\"> Ideal pentru pacien\u021bii care \u00ee\u0219i doresc o claritate deplin\u0103<\/span>\n                        <\/div><\/div>\n                            <\/div>\n                <div class=\"wrap-button\">\n                                <a class=\"btn\" href=\"https:\/\/smartmouth.online\/ro\/programare\/\"  >\u00cencepe\u021bi<\/a>\n                            <\/div>\n            <\/div>\t\t\t\t<\/div>\n\t\t\t\t<\/div>\n\t\t\t\t\t<\/div>\n\t\t<\/div>\n\t\t\t\t<div class=\"elementor-column elementor-col-33 elementor-top-column elementor-element elementor-element-71a54c1\" data-id=\"71a54c1\" data-element_type=\"column\" data-e-type=\"column\">\n\t\t\t<div class=\"elementor-widget-wrap elementor-element-populated\">\n\t\t\t\t\t\t<div class=\"elementor-element elementor-element-6651600 elementor-widget elementor-widget-tf-pricetable\" data-id=\"6651600\" data-element_type=\"widget\" data-e-type=\"widget\" data-widget_type=\"tf-pricetable.default\">\n\t\t\t\t<div class=\"elementor-widget-container\">\n\t\t\t\t\t<div id=\"tf-pricetable-6651600\" class=\"tf-pricetable\" data-tabid=\"6651600\">\n                <div class=\"header-price\">\n                                <div class=\"icon\"><i aria-hidden=\"true\" class=\"carenowmedical-icon- carenow-medical-icon-microscope\"><\/i><\/div> <div class=\"price\">\u20ac149<\/div> <div class=\"title\">Caz complex (supraveghere complet\u0103)<\/div>\n                            <\/div>\n                <div class=\"content-list\">\n                                <div class=\"inner-content-list\"><div class=\"item elementor-repeater-item-4257a2d\">\n                            <span class=\"wrap-icon\"><i class=\"fas fa-check\"><\/i><\/span>\n                            <span class=\"text\">Totul inclus \u00een Pachetul Premium<\/span>\n                        <\/div><div class=\"item elementor-repeater-item-495e462\">\n                            <span class=\"wrap-icon\"><i class=\"fas fa-check\"><\/i><\/span>\n                            <span class=\"text\">Supervizare complet\u0103 a cazului (inclusiv colaborarea cu medicul dentist actual, dac\u0103 este necesar)<\/span>\n                        <\/div><div class=\"item elementor-repeater-item-3c6abe6\">\n                            <span class=\"wrap-icon\"><i class=\"fas fa-check\"><\/i><\/span>\n                            <span class=\"text\">Posibile ajust\u0103ri ale planului de tratament \u0219i urm\u0103rire \u00een func\u021bie de progresul dumneavoastr\u0103<\/span>\n                        <\/div><div class=\"item elementor-repeater-item-cb8f757\">\n                            <span class=\"wrap-icon\"><i class=\"fas fa-check\"><\/i><\/span>\n                            <span class=\"text\">Conceput pentru cazuri complexe de implanturi, edenta\u021bie complet\u0103 sau pacien\u021bi cu antecedente medicale complicate<\/span>\n                        <\/div><\/div>\n                            <\/div>\n                <div class=\"wrap-button\">\n                                <a class=\"btn\" href=\"https:\/\/smartmouth.online\/ro\/programare\/\"  >\u00cencepe\u021bi<\/a>\n                            <\/div>\n            <\/div>\t\t\t\t<\/div>\n\t\t\t\t<\/div>\n\t\t\t\t\t<\/div>\n\t\t<\/div>\n\t\t\t\t\t<\/div>\n\t\t<\/section>\n\t\t\t\t<section class=\"elementor-section elementor-top-section elementor-element elementor-element-b40fae1 tf-animated-column-elementor elementor-section-boxed elementor-section-height-default elementor-section-height-default\" data-id=\"b40fae1\" data-element_type=\"section\" data-e-type=\"section\" data-settings=\"{&quot;background_background&quot;:&quot;classic&quot;}\">\n\t\t\t\t\t\t<div class=\"elementor-container elementor-column-gap-extended\">\n\t\t\t\t\t<div class=\"elementor-column elementor-col-33 elementor-top-column elementor-element elementor-element-da00dd4\" data-id=\"da00dd4\" data-element_type=\"column\" data-e-type=\"column\">\n\t\t\t<div class=\"elementor-widget-wrap elementor-element-populated\">\n\t\t\t\t\t\t<div class=\"elementor-element elementor-element-fe11312 elementor-widget elementor-widget-text-editor\" data-id=\"fe11312\" data-element_type=\"widget\" data-e-type=\"widget\" data-widget_type=\"text-editor.default\">\n\t\t\t\t\t\t\t\t\t<p><strong>Timp de livrare:<\/strong> 48h pentru pachetele 1 \u0219i 2 \/ 72h pentru cazul complex<br><\/p>\t\t\t\t\t\t\t\t<\/div>\n\t\t\t\t\t<\/div>\n\t\t<\/div>\n\t\t\t\t<div class=\"elementor-column elementor-col-33 elementor-top-column elementor-element elementor-element-be0d913\" data-id=\"be0d913\" data-element_type=\"column\" data-e-type=\"column\">\n\t\t\t<div class=\"elementor-widget-wrap elementor-element-populated\">\n\t\t\t\t\t\t<div class=\"elementor-element elementor-element-e11c654 elementor-widget elementor-widget-text-editor\" data-id=\"e11c654\" data-element_type=\"widget\" data-e-type=\"widget\" data-widget_type=\"text-editor.default\">\n\t\t\t\t\t\t\t\t\t<p><strong>Prezentarea cazului<\/strong> se face prin intermediul formularului de pe site:\u00a0<\/p>\t\t\t\t\t\t\t\t<\/div>\n\t\t\t\t<div class=\"elementor-element elementor-element-bd24aa5 elementor-widget elementor-widget-button\" data-id=\"bd24aa5\" data-element_type=\"widget\" data-e-type=\"widget\" data-widget_type=\"button.default\">\n\t\t\t\t\t\t\t\t\t\t<a class=\"elementor-button elementor-button-link elementor-size-sm\" href=\"https:\/\/smartmouth.online\/ro\/programare\/\">\n\t\t\t\t\t\t<span class=\"elementor-button-content-wrapper\">\n\t\t\t\t\t\t<span class=\"elementor-button-icon\">\n\t\t\t\t<i aria-hidden=\"true\" class=\"carenowicon- carenow-icon-long-arrow-right2\"><\/i>\t\t\t<\/span>\n\t\t\t\t\t\t\t\t\t<span class=\"elementor-button-text\">Trimite\u021bi cazul dvs.<\/span>\n\t\t\t\t\t<\/span>\n\t\t\t\t\t<\/a>\n\t\t\t\t\t\t\t\t<\/div>\n\t\t\t\t\t<\/div>\n\t\t<\/div>\n\t\t\t\t<div class=\"elementor-column elementor-col-33 elementor-top-column elementor-element elementor-element-31ed6cd\" data-id=\"31ed6cd\" data-element_type=\"column\" data-e-type=\"column\">\n\t\t\t<div class=\"elementor-widget-wrap elementor-element-populated\">\n\t\t\t\t\t\t<div class=\"elementor-element elementor-element-b88024d elementor-widget elementor-widget-text-editor\" data-id=\"b88024d\" data-element_type=\"widget\" data-e-type=\"widget\" data-widget_type=\"text-editor.default\">\n\t\t\t\t\t\t\t\t\t<p><strong>Serviciul este confiden\u021bial, obiectiv \u0219i lipsit de presiuni comerciale<\/strong><\/p>\t\t\t\t\t\t\t\t<\/div>\n\t\t\t\t\t<\/div>\n\t\t<\/div>\n\t\t\t\t\t<\/div>\n\t\t<\/section>\n\t\t\t\t<section class=\"elementor-section elementor-top-section elementor-element elementor-element-a468dd6 elementor-section-stretched tf-animated-column-elementor elementor-section-boxed elementor-section-height-default elementor-section-height-default\" data-id=\"a468dd6\" data-element_type=\"section\" data-e-type=\"section\" data-settings=\"{&quot;stretch_section&quot;:&quot;section-stretched&quot;}\">\n\t\t\t\t\t\t<div class=\"elementor-container elementor-column-gap-extended\">\n\t\t\t\t\t<div class=\"elementor-column elementor-col-50 elementor-top-column elementor-element elementor-element-c9da556\" data-id=\"c9da556\" data-element_type=\"column\" data-e-type=\"column\">\n\t\t\t<div class=\"elementor-widget-wrap elementor-element-populated\">\n\t\t\t\t\t\t<div class=\"elementor-element elementor-element-4ce3f04 elementor-widget elementor-widget-tficonbox\" data-id=\"4ce3f04\" data-element_type=\"widget\" data-e-type=\"widget\" data-widget_type=\"tficonbox.default\">\n\t\t\t\t<div class=\"elementor-widget-container\">\n\t\t\t\t\t\t\t\t\t\t<div class=\"tficonbox left\">\n\t\t\t\t\t\n\t\t\t\t\t\t\t\t\t<div class=\"wrap-icon default\">\n\t\t\t\t\t\t<div class=\"wrap-icon-inner icon default\">\n\t\t\t\t\t\t\t<svg xmlns=\"http:\/\/www.w3.org\/2000\/svg\" width=\"83.5\" height=\"83.5\" viewbox=\"0 0 83.5 83.5\"><g transform=\"translate(-94 -244)\"><path d=\"M343.778,466.787a27.073,27.073,0,0,0-14.847-24.107,36.816,36.816,0,0,1-36.251,36.251,27,27,0,0,0,37.841,11.095l13.139,3.634-3.634-13.139a26.894,26.894,0,0,0,3.752-13.734Zm0,0\" transform=\"translate(-166.278 -166.278)\"><\/path><path d=\"M157.767,275.883a31.883,31.883,0,1,0-59.345,16.206l-4.3,15.559,15.56-4.3a31.89,31.89,0,0,0,48.089-27.462Zm-36.776-7.42H116.1a9.785,9.785,0,1,1,16.388,7.221l-4.157,3.8V283.3h-4.893v-5.97l5.746-5.26a4.843,4.843,0,0,0,1.593-3.612,4.893,4.893,0,0,0-9.785,0Zm2.446,19.733h4.893v4.893h-4.893Zm0,0\" transform=\"translate(0 0)\" fill=\"#201630\"><\/path><\/g><\/svg>\t\t\t\t\t\t<\/div>\n\t\t\t\t\t<\/div>\n\t\t\t\t\t\n\n\t\t\t\t<div class=\"content\">\n\t\t\t\t\t<h3 class=\"title\">\u00ceNTREB\u0102RI FRECVENTE<\/h3>\n\t\t\t\t\t<div class=\"description\"><p>Simplu, transparent \u0219i direct<\/p><\/div>\t\t\t\t\t\n\t\t\t\t\t\n\t\t\t\t<\/div>\n\t\t\t<\/div>\n\t\t\t\t\t\t<\/div>\n\t\t\t\t<\/div>\n\t\t\t\t<div class=\"elementor-element elementor-element-4df97b9 elementor-widget-divider--view-line elementor-widget elementor-widget-divider\" data-id=\"4df97b9\" data-element_type=\"widget\" data-e-type=\"widget\" data-widget_type=\"divider.default\">\n\t\t\t\t\t\t\t<div class=\"elementor-divider\">\n\t\t\t<span class=\"elementor-divider-separator\">\n\t\t\t\t\t\t<\/span>\n\t\t<\/div>\n\t\t\t\t\t\t<\/div>\n\t\t\t\t<div class=\"elementor-element elementor-element-f237e5e elementor-widget-divider--view-line elementor-widget elementor-widget-divider\" data-id=\"f237e5e\" data-element_type=\"widget\" data-e-type=\"widget\" data-widget_type=\"divider.default\">\n\t\t\t\t\t\t\t<div class=\"elementor-divider\">\n\t\t\t<span class=\"elementor-divider-separator\">\n\t\t\t\t\t\t<\/span>\n\t\t<\/div>\n\t\t\t\t\t\t<\/div>\n\t\t\t\t<div class=\"elementor-element elementor-element-f93be48 elementor-widget elementor-widget-tfaccordion\" data-id=\"f93be48\" data-element_type=\"widget\" data-e-type=\"widget\" data-widget_type=\"tfaccordion.default\">\n\t\t\t\t<div class=\"elementor-widget-container\">\n\t\t\t\t\t<div class=\"tf-accordion\"> \r\n\t\t\t\t<div class=\"tf-accordion-item\"><div class=\"accordion-title icon_after\"><span class=\"title-text\">C\u00e2t timp dureaz\u0103 primirea r\u0103spunsului meu?<\/span> \t\t\r\n\t\t\t\t<span class=\"wrap-accordion-icon wrap-accordion-icon-right\">\t\t\r\n\t\t\t\t<span class=\"accordion-icon accordion-icon-close\"><i class=\"fas fa-plus\"><\/i><\/span>\r\n\t\t\t\t<span class=\"accordion-icon accordion-icon-open\"><i class=\"fas fa-minus\"><\/i><\/span>\r\n\t\t\t\t<\/span><\/div> <div class=\"accordion-content\"><p>\u00cen func\u021bie de pachet, ve\u021bi primi r\u0103spunsul \u00een termen de 48 sau 72 de ore. Ve\u021bi fi anun\u021bat prin e-mail sau WhatsApp.<\/p><\/div><\/div><div class=\"tf-accordion-item inactive\"><div class=\"accordion-title icon_after inactive\"><span class=\"title-text\">Cine examineaz\u0103 dosarele mele?<\/span> \t\t\r\n\t\t\t\t<span class=\"wrap-accordion-icon wrap-accordion-icon-right\">\t\t\r\n\t\t\t\t<span class=\"accordion-icon accordion-icon-close\"><i class=\"fas fa-plus\"><\/i><\/span>\r\n\t\t\t\t<span class=\"accordion-icon accordion-icon-open\"><i class=\"fas fa-minus\"><\/i><\/span>\r\n\t\t\t\t<\/span><\/div> <div class=\"accordion-content\"><p>Analiza este efectuat\u0103 personal de Dr. Ion Bejenari - un chirurg oral cu peste 15 ani de experien\u021b\u0103.<\/p><\/div><\/div><div class=\"tf-accordion-item inactive\"><div class=\"accordion-title icon_after inactive\"><span class=\"title-text\">Consultarea 100% este online?<\/span> \t\t\r\n\t\t\t\t<span class=\"wrap-accordion-icon wrap-accordion-icon-right\">\t\t\r\n\t\t\t\t<span class=\"accordion-icon accordion-icon-close\"><i class=\"fas fa-plus\"><\/i><\/span>\r\n\t\t\t\t<span class=\"accordion-icon accordion-icon-open\"><i class=\"fas fa-minus\"><\/i><\/span>\r\n\t\t\t\t<\/span><\/div> <div class=\"accordion-content\"><p>Da. Nu este necesar\u0103 nicio deplasare. Totul se face digital, \u00een siguran\u021b\u0103 \u0219i confiden\u021bialitate.<\/p><\/div><\/div>\r\n            <\/div>\t\t\t\t<\/div>\n\t\t\t\t<\/div>\n\t\t\t\t\t<\/div>\n\t\t<\/div>\n\t\t\t\t<div class=\"elementor-column elementor-col-50 elementor-top-column elementor-element elementor-element-90e3473\" data-id=\"90e3473\" data-element_type=\"column\" data-e-type=\"column\">\n\t\t\t<div class=\"elementor-widget-wrap elementor-element-populated\">\n\t\t\t\t\t\t<div class=\"elementor-element elementor-element-898d05c elementor-widget elementor-widget-tfaccordion\" data-id=\"898d05c\" data-element_type=\"widget\" data-e-type=\"widget\" data-widget_type=\"tfaccordion.default\">\n\t\t\t\t<div class=\"elementor-widget-container\">\n\t\t\t\t\t<div class=\"tf-accordion\"> \r\n\t\t\t\t<div class=\"tf-accordion-item\"><div class=\"accordion-title icon_after\"><span class=\"title-text\">Ce tip de fi\u0219iere pot trimite?<\/span> \t\t\r\n\t\t\t\t<span class=\"wrap-accordion-icon wrap-accordion-icon-right\">\t\t\r\n\t\t\t\t<span class=\"accordion-icon accordion-icon-close\"><i class=\"fas fa-plus\"><\/i><\/span>\r\n\t\t\t\t<span class=\"accordion-icon accordion-icon-open\"><i class=\"fas fa-minus\"><\/i><\/span>\r\n\t\t\t\t<\/span><\/div> <div class=\"accordion-content\"><p>Accept\u0103m radiografii panoramice (OPG), scan\u0103ri CBCT, fotografii intraorale \u0219i planuri de tratament deja propuse.<\/p><\/div><\/div><div class=\"tf-accordion-item inactive\"><div class=\"accordion-title icon_after inactive\"><span class=\"title-text\">Pot pune \u00eentreb\u0103ri dup\u0103 ce am primit r\u0103spunsul?<\/span> \t\t\r\n\t\t\t\t<span class=\"wrap-accordion-icon wrap-accordion-icon-right\">\t\t\r\n\t\t\t\t<span class=\"accordion-icon accordion-icon-close\"><i class=\"fas fa-plus\"><\/i><\/span>\r\n\t\t\t\t<span class=\"accordion-icon accordion-icon-open\"><i class=\"fas fa-minus\"><\/i><\/span>\r\n\t\t\t\t<\/span><\/div> <div class=\"accordion-content\"><p>Da - dac\u0103 a\u021bi ales pachetul Premium sau Complex Case Package, ave\u021bi acces la asisten\u021b\u0103 WhatsApp pentru \u00eentreb\u0103ri suplimentare.<\/p><\/div><\/div><div class=\"tf-accordion-item inactive\"><div class=\"accordion-title icon_after inactive\"><span class=\"title-text\">Pot solicita o rambursare?<\/span> \t\t\r\n\t\t\t\t<span class=\"wrap-accordion-icon wrap-accordion-icon-right\">\t\t\r\n\t\t\t\t<span class=\"accordion-icon accordion-icon-close\"><i class=\"fas fa-plus\"><\/i><\/span>\r\n\t\t\t\t<span class=\"accordion-icon accordion-icon-open\"><i class=\"fas fa-minus\"><\/i><\/span>\r\n\t\t\t\t<\/span><\/div> <div class=\"accordion-content\"><p>Deoarece acesta este un serviciu digital personalizat, sumele nu sunt rambursabile odat\u0103 ce analiza a \u00eenceput.<\/p><\/div><\/div><div class=\"tf-accordion-item active\"><div class=\"accordion-title icon_after active\"><span class=\"title-text\">Cum \u00eemi voi primi rezultatele?<\/span> \t\t\r\n\t\t\t\t<span class=\"wrap-accordion-icon wrap-accordion-icon-right\">\t\t\r\n\t\t\t\t<span class=\"accordion-icon accordion-icon-close\"><i class=\"fas fa-plus\"><\/i><\/span>\r\n\t\t\t\t<span class=\"accordion-icon accordion-icon-open\"><i class=\"fas fa-minus\"><\/i><\/span>\r\n\t\t\t\t<\/span><\/div> <div class=\"accordion-content\"><p>Ve\u021bi primi un raport profesional clar \u00een format PDF, iar pentru cazurile premium sau complexe, pute\u021bi primi \u0219i o explica\u021bie video personalizat\u0103 de la Dr. Bejenari.<\/p><\/div><\/div>\r\n            <\/div>\t\t\t\t<\/div>\n\t\t\t\t<\/div>\n\t\t\t\t\t<\/div>\n\t\t<\/div>\n\t\t\t\t\t<\/div>\n\t\t<\/section>\n\t\t\t\t<\/div>","protected":false},"excerpt":{"rendered":"<p>Packages &#038; Pricing \u2013 SmartMouth\u2122 Choose the package that fits your needs. All evaluations are conducted by Dr. Ion Bejenari, an oral surgeon with over 15 years [&hellip;]<\/p>","protected":false},"author":1,"featured_media":0,"parent":0,"menu_order":0,"comment_status":"closed","ping_status":"closed","template":"elementor_header_footer","meta":{"footnotes":""},"class_list":["post-2074","page","type-page","status-publish","hentry"],"_links":{"self":[{"href":"https:\/\/smartmouth.online\/ro\/wp-json\/wp\/v2\/pages\/2074","targetHints":{"allow":["GET"]}}],"collection":[{"href":"https:\/\/smartmouth.online\/ro\/wp-json\/wp\/v2\/pages"}],"about":[{"href":"https:\/\/smartmouth.online\/ro\/wp-json\/wp\/v2\/types\/page"}],"author":[{"embeddable":true,"href":"https:\/\/smartmouth.online\/ro\/wp-json\/wp\/v2\/users\/1"}],"replies":[{"embeddable":true,"href":"https:\/\/smartmouth.online\/ro\/wp-json\/wp\/v2\/comments?post=2074"}],"version-history":[{"count":37,"href":"https:\/\/smartmouth.online\/ro\/wp-json\/wp\/v2\/pages\/2074\/revisions"}],"predecessor-version":[{"id":7327,"href":"https:\/\/smartmouth.online\/ro\/wp-json\/wp\/v2\/pages\/2074\/revisions\/7327"}],"wp:attachment":[{"href":"https:\/\/smartmouth.online\/ro\/wp-json\/wp\/v2\/media?parent=2074"}],"curies":[{"name":"wp","href":"https:\/\/api.w.org\/{rel}","templated":true}]}}