{"id":3523,"date":"2022-01-14T03:06:06","date_gmt":"2022-01-14T03:06:06","guid":{"rendered":"https:\/\/themesflat.com\/carenowwp\/?page_id=3523"},"modified":"2025-08-05T07:56:33","modified_gmt":"2025-08-05T07:56:33","slug":"programare","status":"publish","type":"page","link":"https:\/\/smartmouth.online\/ro\/programare\/","title":{"rendered":"Evaluare dentar\u0103 online"},"content":{"rendered":"<div data-elementor-type=\"wp-page\" data-elementor-id=\"3523\" class=\"elementor elementor-3523\">\n\t\t\t\t\t\t<section class=\"elementor-section elementor-top-section elementor-element elementor-element-3db3420 elementor-section-boxed elementor-section-height-default elementor-section-height-default\" data-id=\"3db3420\" data-element_type=\"section\" data-e-type=\"section\">\n\t\t\t\t\t\t<div class=\"elementor-container elementor-column-gap-no\">\n\t\t\t\t\t<div class=\"elementor-column elementor-col-100 elementor-top-column elementor-element elementor-element-9c91f55\" data-id=\"9c91f55\" data-element_type=\"column\" data-e-type=\"column\">\n\t\t\t<div class=\"elementor-widget-wrap elementor-element-populated\">\n\t\t\t\t\t\t<div class=\"elementor-element elementor-element-2328cec elementor-widget elementor-widget-tf-title-section\" data-id=\"2328cec\" data-element_type=\"widget\" data-e-type=\"widget\" data-widget_type=\"tf-title-section.default\">\n\t\t\t\t<div class=\"elementor-widget-container\">\n\t\t\t\t\t<div id=\"tf-title-section-2328cec\" class=\"tf-title-section\" data-tabid=\"2328cec\"> \r\n\t\t\t\t\r\n\t\t\t<div class=\"title-section\">\r\n\t\t\t\t<div class=\"before-heading\">Online Dental Review<\/div>\r\n\t\t\t\t<h2 class=\"heading\">A doua opinie din partea exper\u021bilor dentare<\/h2>\r\n\t\t\t\t<div class=\"sub-title\"><p>Trimite\u021bi cazul dvs. pentru o evaluare la distan\u021b\u0103 - inclusiv analiza scan\u0103rii, diagnostic, plan de tratament \u0219i pre\u021buri. Nu este necesar\u0103 nicio vizit\u0103 la clinic\u0103.<\/p><\/div>\r\n\t\t\t<\/div>                \r\n            <\/div>\t\t\t\t<\/div>\n\t\t\t\t<\/div>\n\t\t\t\t<div class=\"elementor-element elementor-element-d480241 elementor-widget elementor-widget-shortcode\" data-id=\"d480241\" data-element_type=\"widget\" data-e-type=\"widget\" data-widget_type=\"shortcode.default\">\n\t\t\t\t\t\t\t<div class=\"elementor-shortcode\"><div class='fluentform ff-inherit-theme-style fluentform_wrapper_4'><form data-form_id=\"4\" id=\"fluentform_4\" class=\"frm-fluent-form fluent_form_4 ff-el-form-top ff_form_instance_4_1 ff-form-loading ff-form-has-steps fluentform_has_payment ffs_inherit_theme\" data-form_instance=\"ff_form_instance_4_1\" method=\"POST\" action=\"\" ><fieldset  style=\"border: none!important;margin: 0!important;padding: 0!important;background-color: transparent!important;box-shadow: none!important;outline: none!important; min-inline-size: 100%;\">\n                    <legend class=\"ff_screen_reader_title\" style=\"display: block; margin: 0!important;padding: 0!important;height: 0!important;text-indent: -999999px;width: 0!important;overflow:hidden;\">Cerere de formular general<\/legend><input type='hidden' name='__fluent_form_embded_post_id' value='3523' \/><input type=\"hidden\" id=\"_fluentform_4_fluentformnonce\" name=\"_fluentform_4_fluentformnonce\" value=\"0346f0b947\" \/><input type=\"hidden\" name=\"_wp_http_referer\" value=\"\/ro\/wp-json\/wp\/v2\/pages\/3523\" \/><div class='ff-step-container' data-name=\"step_start-4_3\" data-disable_auto_focus=\"no\" data-enable_auto_slider=\"no\" data-enable_step_data_persistency=\"no\" data-enable_step_page_resume=\"no\" data-animation_type=\"slide\" ><div class='ff-step-header'><div class='ff-el-progress-status' aria-live='polite'><\/div>\n            <div class='ff-el-progress'>\n                <div role='progressbar'  class='ff-el-progress-bar'><span><\/span><\/div>\n            <\/div>\n            <ul style='display: none' class='ff-el-progress-title'>\n                <li><\/li><li><\/li>\n            <\/ul><\/div><span class='ff_step_start'><\/span><div class='ff-step-body'><div class=\"fluentform-step active\" data-name=\"step_start-4_3\" data-disable_auto_focus=\"no\" data-enable_auto_slider=\"no\" data-enable_step_data_persistency=\"no\" data-enable_step_page_resume=\"no\" data-animation_type=\"slide\" ><div data-type=\"name-element\" data-name=\"names\" class=\"ff-field_container ff-name-field-wrapper\" ><div class='ff-t-container'><div class='ff-t-cell'><div class='ff-el-group'><div class=\"ff-el-input--label asterisk-right\"><label for='ff_4_names_first_name_' id='label_ff_4_names_first_name_' >Numele \u0219i prenumele<\/label><\/div><div class='ff-el-input--content'><input type=\"text\" name=\"names[first_name]\" id=\"ff_4_names_first_name_\" class=\"ff-el-form-control\" aria-invalid=\"false\" aria-required=\"false\"><\/div><\/div><\/div><div class='ff-t-cell'><div class='ff-el-group'><div class=\"ff-el-input--label asterisk-right\"><label for='ff_4_names_last_name_' id='label_ff_4_names_last_name_' >Numele de familie<\/label><\/div><div class='ff-el-input--content'><input type=\"text\" name=\"names[last_name]\" id=\"ff_4_names_last_name_\" class=\"ff-el-form-control\" aria-invalid=\"false\" aria-required=\"false\"><\/div><\/div><\/div><\/div><\/div><div class='ff-el-group'><div class=\"ff-el-input--label ff-el-is-required asterisk-right\"><label for='ff_4_numeric_field' id='label_ff_4_numeric_field' aria-label=\"V\u00e2rsta pacientului\">V\u00e2rsta pacientului<\/label><\/div><div class='ff-el-input--content'><input type=\"number\" name=\"numeric_field\" id=\"ff_4_numeric_field\" class=\"ff-el-form-control\" data-name=\"numeric_field\" inputmode=\"numeric\" step=\"any\"  aria-invalid=\"false\" aria-required=\"true\"><\/div><\/div><div class='ff-el-group'><div class=\"ff-el-input--label ff-el-is-required asterisk-right\"><label for='ff_4_dropdown' id='label_ff_4_dropdown' aria-label=\"Sexul pacientului\">Sexul pacientului<\/label><\/div><div class='ff-el-input--content'><select name=\"dropdown\" id=\"ff_4_dropdown\" class=\"ff-el-form-control\" data-name=\"dropdown\" data-calc_value=\"0\"  aria-invalid=\"false\" aria-required=\"true\" aria-labelledby=\"label_ff_4_dropdown\"><option value=\"\">- Selecta\u021bi -<\/option><option value=\"Male\"  >Masculin<\/option><option value=\"Female\"  >Femei<\/option><option value=\"Others\"  >Altele<\/option><\/select><\/div><\/div><div class='ff-el-group'><div class=\"ff-el-input--label ff-el-is-required asterisk-right\"><label for='ff_4_numeric-field_1' id='label_ff_4_numeric-field_1' aria-label=\"Nr. de telefon\">Nr. de telefon<\/label><\/div><div class='ff-el-input--content'><input type=\"number\" name=\"numeric-field_1\" id=\"ff_4_numeric-field_1\" class=\"ff-el-form-control\" data-name=\"numeric-field_1\" inputmode=\"numeric\" step=\"any\"  aria-invalid=\"false\" aria-required=\"true\"><\/div><\/div><div class='ff-el-group'><div class=\"ff-el-input--label ff-el-is-required asterisk-right\"><label for='ff_4_email' id='label_ff_4_email' aria-label=\"E-mail\">E-mail<\/label><\/div><div class='ff-el-input--content'><input type=\"email\" name=\"email\" id=\"ff_4_email\" class=\"ff-el-form-control\" placeholder=\"Adresa de e-mail\" data-name=\"email\"  aria-invalid=\"false\" aria-required=\"true\"><\/div><\/div><div class='step-nav ff_step_nav_last'><button  type='button' data-action='prev' class='ff-btn ff-btn-prev ff-btn-secondary'>Articolul precedent<\/button><button  type='button' data-action='next' class='ff-float-right ff-btn ff-btn-next ff-btn-secondary'>Urm\u0103torul<\/button><\/div><\/div><div class=\"fluentform-step\" data-name=\"form_step-4_1\" ><div class='ff-el-group'><div class=\"ff-el-input--label ff-el-is-required asterisk-right\"><label for='ff_4_input_text_2' id='label_ff_4_input_text_2' aria-label=\"Cu ce v\u0103 confrunta\u021bi?\">Cu ce v\u0103 confrunta\u021bi?<\/label><\/div><div class='ff-el-input--content'><input type=\"text\" name=\"input_text_2\" class=\"ff-el-form-control\" placeholder=\"(de exemplu, durere \/ din\u021bi lips\u0103 \/ lucr\u0103ri dentare vechi \/ altceva)\" data-name=\"input_text_2\" id=\"ff_4_input_text_2\"  aria-invalid=\"false\" aria-required=\"true\"><\/div><\/div><div class='ff-el-group'><div class=\"ff-el-input--label asterisk-right\"><label for='ff_4_file-upload_1' id='label_ff_4_file-upload_1' aria-label=\"\u00cenc\u0103rca\u021bi fi\u0219ierele dvs. dentare\">\u00cenc\u0103rca\u021bi fi\u0219ierele dvs. dentare<\/label><\/div><div class='ff-el-input--content'><label for='ff_4_file-upload_1' class='ff_file_upload_holder'><span class='ff_upload_btn ff-btn' tabindex='0'>Alege\u021bi fi\u0219ierul<\/span> <input type=\"file\" name=\"file-upload\" id=\"ff_4_file-upload_1\" class=\"ff-el-form-control  ff-screen-reader-element\" data-name=\"file-upload\" multiple=\"1\"  aria-invalid='false' aria-required=\"false\"><\/label><\/div><\/div><div class='ff-el-group'><div class=\"ff-el-input--label asterisk-right\"><label for='ff_4_url' id='label_ff_4_url' aria-label=\"Accept\u0103m link-uri din: WeTransfer, Google Drive, Dropbox. V\u0103 rug\u0103m s\u0103 trimite\u021bi oricare dintre urm\u0103toarele:\">Accept\u0103m link-uri din: WeTransfer, Google Drive, Dropbox. V\u0103 rug\u0103m s\u0103 trimite\u021bi oricare dintre urm\u0103toarele:<\/label><\/div><div class='ff-el-input--content'><input type=\"url\" name=\"url\" class=\"ff-el-form-control\" data-name=\"url\" id=\"ff_4_url\"  aria-invalid=\"false\" aria-required=\"false\"><\/div><\/div><div class='ff-el-group'><div class=\"ff-el-input--label asterisk-right\"><label for='ff_4_input_text' id='label_ff_4_input_text' aria-label=\"Limba preferat\u0103 pentru r\u0103spunsul medicului\">Limba preferat\u0103 pentru r\u0103spunsul medicului<\/label><\/div><div class='ff-el-input--content'><input type=\"text\" name=\"input_text\" class=\"ff-el-form-control\" placeholder=\"de ex. rom\u00e2n\u0103, italian\u0103, rus\u0103, arab\u0103\" data-name=\"input_text\" id=\"ff_4_input_text\"  aria-invalid=\"false\" aria-required=\"false\"><\/div><\/div><div class='ff-el-group'><div class=\"ff-el-input--label ff-el-is-required asterisk-right\"><label   aria-label=\"Alege\u021bi pachetul dvs. de evaluare\">Alege\u021bi pachetul dvs. de evaluare<\/label><\/div><div class='ff-el-input--content'><select name=\"payment_input_1\" class=\"ff-el-form-control ff_payment_item\" data-payment_item=\"yes\" data-name=\"payment_input_1\" id=\"payment_input_1_fc8c7460bce1d3b9ec0b94c05bb49889\" ><option value=\"\" data-payment_value=\"\" data-calc_value=\"\" >Selecta\u021bi op\u021biunea de evaluare<\/option><option value=\"Quick Review \u2013 \u20ac49\" data-payment_value=\"49\" data-calc_value=\"49\" >Recenzie rapid\u0103 - \u20ac49<\/option><option value=\"Premium \u2013 \u20ac79\" data-payment_value=\"79\" data-calc_value=\"79\" >Premium - 79 EUR<\/option><option value=\"Complex Case \u2013 \u20ac149\" data-payment_value=\"149\" data-calc_value=\"149\" >Caz complex - \u20ac149<\/option><\/select><\/div><\/div><div class='ff-el-group  ff-payment_summary_component' tabindex='-1' data-name=\"payment_summary_component-4_2\" ><div class=\"ff_dynamic_value ff_dynamic_payment_summary\"><div class=\"ff_payment_summary\"><\/div><div class=\"ff_payment_summary_fallback\">Nu a fost selectat \u00eenc\u0103 niciun element de plat\u0103<\/div><\/div><\/div><div class='ff-el-group    ff-el-input--content'><div class='ff-el-form-check ff-el-tc'><label aria-label='Terms and Conditions: \u00a0I have read and agree to the Terms and Conditions and Privacy Policy Contains 2 links. Use tab navigation to review.' class='ff-el-form-check-label ff_tc_label' for=\"terms-n-condition_8274dd3e4c6eceae624ba515046bfcc7\"><span class='ff_tc_checkbox'><input type=\"checkbox\" name=\"terms-n-condition\" class=\"ff-el-form-check-input\" data-name=\"terms-n-condition\" id=\"terms-n-condition_8274dd3e4c6eceae624ba515046bfcc7\"  value='on' aria-invalid='false' aria-required=\"true\"><\/span> <div class='ff_t_c'><p>\u00a0Am citit \u0219i sunt de acord cu <a href=\"https:\/\/smartmouth.online\/ro\/termeni-si-conditii\/\" rel=\"noopener\">Termeni \u0219i condi\u021bii<\/a> \u0219i <a href=\"\/ro\/politica-de-confidentialitate\/\" rel=\"noopener\">Politica de confiden\u021bialitate<\/a><\/p><\/div><\/label><\/div><\/div>        <div class=\"ff-step-t-container ff-inner_submit_container ff-column-container ff_columns_total_2\">\n            <div class=\"ff-t-cell ff-t-column-1\"><div class='step-nav ff_step_nav_last'><button  type='button' data-action='prev' class='ff-btn ff-btn-prev ff-btn-secondary'>Articolul precedent<\/button><\/div><\/div>\n            <div class=\"ff-t-cell ff-t-column-2\">\n                <div class='ff-el-group ff-text-left ff_submit_btn_wrapper'><button type=\"submit\" class=\"ff-btn ff-btn-submit ff-btn-md ff_btn_no_style\"  aria-label=\"Trimite\u021bi formularul\">Trimite\u021bi formularul<\/button><\/div>            <\/div>\n        <\/div>\n        <\/div><\/div><\/div>\n        <\/fieldset><input type=\"hidden\" name=\"trp-form-language\" value=\"ro\"\/><\/form><div id='fluentform_4_errors' class='ff-errors-in-stack ff_form_instance_4_1 ff-form-loading_errors ff_form_instance_4_1_errors'><\/div><\/div>            <script type=\"text\/javascript\">\n                window.fluent_form_ff_form_instance_4_1 = {\"id\":\"4\",\"ajaxUrl\":\"https:\\\/\\\/smartmouth.online\\\/wp-admin\\\/admin-ajax.php\",\"settings\":{\"layout\":{\"labelPlacement\":\"top\",\"asteriskPlacement\":\"asterisk-right\",\"helpMessagePlacement\":\"with_label\",\"errorMessagePlacement\":\"inline\",\"cssClassName\":\"\"},\"restrictions\":{\"denyEmptySubmission\":{\"enabled\":false}}},\"form_instance\":\"ff_form_instance_4_1\",\"form_id_selector\":\"fluentform_4\",\"rules\":{\"names[first_name]\":{\"required\":{\"value\":false,\"message\":\"This field is required\",\"global\":true,\"global_message\":\"This field is required\"}},\"names[middle_name]\":{\"required\":{\"value\":false,\"message\":\"This field is required\",\"global\":true,\"global_message\":\"This field is required\"}},\"names[last_name]\":{\"required\":{\"value\":false,\"message\":\"This field is required\",\"global\":true,\"global_message\":\"This field is required\"}},\"numeric_field\":{\"required\":{\"value\":true,\"message\":\"This field is required\",\"global\":true,\"global_message\":\"This field is required\"},\"numeric\":{\"value\":true,\"message\":\"This field must contain numeric value\",\"global\":true,\"global_message\":\"This field must contain numeric value\"},\"min\":{\"value\":\"\",\"message\":\"Validation fails for minimum value\",\"global\":true,\"global_message\":\"Validation fails for minimum value\"},\"max\":{\"value\":\"\",\"message\":\"Validation fails for maximum value\",\"global\":true,\"global_message\":\"Validation fails for maximum value\"}},\"dropdown\":{\"required\":{\"value\":true,\"message\":\"This field is required\",\"global\":true,\"global_message\":\"This field is required\"}},\"numeric-field_1\":{\"required\":{\"value\":true,\"message\":\"This field is required\",\"global\":true,\"global_message\":\"This field is required\"},\"numeric\":{\"value\":true,\"message\":\"This field must contain numeric value\",\"global\":true,\"global_message\":\"This field must contain numeric value\"},\"min\":{\"value\":\"\",\"message\":\"Validation fails for minimum value\",\"global\":true,\"global_message\":\"Validation fails for minimum value\"},\"max\":{\"value\":\"\",\"message\":\"Validation fails for maximum value\",\"global\":true,\"global_message\":\"Validation fails for maximum value\"}},\"email\":{\"required\":{\"value\":true,\"message\":\"This field is required\",\"global_message\":\"This field is required\",\"global\":true},\"email\":{\"value\":true,\"message\":\"This field must contain a valid email\",\"global_message\":\"This field must contain a valid email\",\"global\":true}},\"input_text_2\":{\"required\":{\"value\":true,\"message\":\"This field is required\",\"global\":true,\"global_message\":\"This field is required\"}},\"file-upload\":{\"required\":{\"value\":false,\"message\":\"This field is required\",\"global_message\":\"This field is required\",\"global\":true},\"max_file_size\":{\"value\":20971520,\"message\":\"Validation fails for maximum file size\",\"global_message\":\"Validation fails for maximum file size\",\"global\":true,\"_valueFrom\":\"MB\"},\"max_file_count\":{\"value\":\"5\",\"message\":\"Validation fails for maximum file count\",\"global_message\":\"Validation fails for maximum file count\",\"global\":true},\"allowed_file_types\":{\"value\":[\"jpg|jpeg|gif|png|bmp\",\"mp3|wav|ogg|oga|wma|mka|m4a|ra|mid|midi|mpga\",\"avi|divx|flv|mov|ogv|mkv|mp4|m4v|divx|mpg|mpeg|mpe|video\\\/quicktime|qt\",\"pdf\",\"doc|ppt|pps|xls|mdb|docx|xlsx|pptx|odt|odp|ods|odg|odc|odb|odf|rtf|txt\",\"zip|gz|gzip|rar|7z\",\"csv\"],\"message\":\"Invalid file type\",\"global_message\":\"Invalid file type\",\"global\":true}},\"url\":{\"required\":{\"value\":false,\"message\":\"This field is required\",\"global_message\":\"This field is required\",\"global\":true},\"url\":{\"value\":true,\"message\":\"This field must contain a valid url\",\"global_message\":\"This field must contain a valid url\",\"global\":true}},\"input_text\":{\"required\":{\"value\":false,\"message\":\"This field is required\",\"global_message\":\"This field is required\",\"global\":true}},\"payment_input_1\":{\"required\":{\"value\":true,\"global\":true,\"message\":\"This field is required\",\"global_message\":\"This field is required\"}},\"terms-n-condition\":{\"required\":{\"value\":true,\"message\":\"This field is required\",\"global_message\":\"This field is required\",\"global\":true}}},\"debounce_time\":300,\"conditionals\":{\"url\":{\"type\":\"any\",\"status\":true,\"conditions\":[{\"field\":\"file-upload\",\"value\":\"\",\"operator\":\"\"}],\"condition_groups\":[{\"rules\":[{\"field\":\"\",\"value\":\"\",\"operator\":\"\"}],\"title\":\"\",\"isEditingTitle\":false,\"isPreviewOpen\":false,\"isGroupOpen\":true}]}}};\n                            <\/script>\n            <\/div>\n\t\t\t\t\t\t<\/div>\n\t\t\t\t\t<\/div>\n\t\t<\/div>\n\t\t\t\t\t<\/div>\n\t\t<\/section>\n\t\t\t\t<\/div>","protected":false},"excerpt":{"rendered":"<p>Online Dental Review Second Opinion from Dental Experts Submit your case for a remote evaluation \u2014 including scan review, diagnosis, treatment plan, and pricing. No clinic visit [&hellip;]<\/p>","protected":false},"author":1,"featured_media":6793,"parent":0,"menu_order":0,"comment_status":"closed","ping_status":"closed","template":"elementor_header_footer","meta":{"footnotes":""},"class_list":["post-3523","page","type-page","status-publish","has-post-thumbnail","hentry"],"_links":{"self":[{"href":"https:\/\/smartmouth.online\/ro\/wp-json\/wp\/v2\/pages\/3523","targetHints":{"allow":["GET"]}}],"collection":[{"href":"https:\/\/smartmouth.online\/ro\/wp-json\/wp\/v2\/pages"}],"about":[{"href":"https:\/\/smartmouth.online\/ro\/wp-json\/wp\/v2\/types\/page"}],"author":[{"embeddable":true,"href":"https:\/\/smartmouth.online\/ro\/wp-json\/wp\/v2\/users\/1"}],"replies":[{"embeddable":true,"href":"https:\/\/smartmouth.online\/ro\/wp-json\/wp\/v2\/comments?post=3523"}],"version-history":[{"count":15,"href":"https:\/\/smartmouth.online\/ro\/wp-json\/wp\/v2\/pages\/3523\/revisions"}],"predecessor-version":[{"id":6957,"href":"https:\/\/smartmouth.online\/ro\/wp-json\/wp\/v2\/pages\/3523\/revisions\/6957"}],"wp:featuredmedia":[{"embeddable":true,"href":"https:\/\/smartmouth.online\/ro\/wp-json\/wp\/v2\/media\/6793"}],"wp:attachment":[{"href":"https:\/\/smartmouth.online\/ro\/wp-json\/wp\/v2\/media?parent=3523"}],"curies":[{"name":"wp","href":"https:\/\/api.w.org\/{rel}","templated":true}]}}