{"id":91,"date":"2021-12-08T08:47:48","date_gmt":"2021-12-08T08:47:48","guid":{"rendered":"https:\/\/themesflat.com\/carenowwp\/?page_id=91"},"modified":"2025-09-08T08:03:46","modified_gmt":"2025-09-08T08:03:46","slug":"despre-noi","status":"publish","type":"page","link":"https:\/\/smartmouth.online\/ro\/despre-noi\/","title":{"rendered":"Despre noi"},"content":{"rendered":"<div data-elementor-type=\"wp-page\" data-elementor-id=\"91\" class=\"elementor elementor-91\">\n\t\t\t\t\t\t<section class=\"elementor-section elementor-top-section elementor-element elementor-element-907410a elementor-section-boxed elementor-section-height-default elementor-section-height-default\" data-id=\"907410a\" data-element_type=\"section\" data-e-type=\"section\">\n\t\t\t\t\t\t<div class=\"elementor-container elementor-column-gap-extended\">\n\t\t\t\t\t<div class=\"elementor-column elementor-col-33 elementor-top-column elementor-element elementor-element-0805b70\" data-id=\"0805b70\" data-element_type=\"column\" data-e-type=\"column\">\n\t\t\t<div class=\"elementor-widget-wrap elementor-element-populated\">\n\t\t\t\t\t\t<div class=\"elementor-element elementor-element-089d846 animation-move5-img elementor-widget elementor-widget-image\" data-id=\"089d846\" data-element_type=\"widget\" data-e-type=\"widget\" data-widget_type=\"image.default\">\n\t\t\t\t\t\t\t\t\t\t\t\t\t\t\t<img fetchpriority=\"high\" decoding=\"async\" width=\"697\" height=\"630\" src=\"https:\/\/smartmouth.online\/wp-content\/uploads\/2025\/08\/Frame-1321317458.png\" class=\"attachment-full size-full wp-image-6920\" alt=\"\" srcset=\"https:\/\/smartmouth.online\/wp-content\/uploads\/2025\/08\/Frame-1321317458.png 697w, https:\/\/smartmouth.online\/wp-content\/uploads\/2025\/08\/Frame-1321317458-300x271.png 300w\" sizes=\"(max-width: 697px) 100vw, 697px\" \/>\t\t\t\t\t\t\t\t\t\t\t\t\t\t\t<\/div>\n\t\t\t\t\t<\/div>\n\t\t<\/div>\n\t\t\t\t<div class=\"elementor-column elementor-col-33 elementor-top-column elementor-element elementor-element-1349df1\" data-id=\"1349df1\" data-element_type=\"column\" data-e-type=\"column\">\n\t\t\t<div class=\"elementor-widget-wrap\">\n\t\t\t\t\t\t\t<\/div>\n\t\t<\/div>\n\t\t\t\t<div class=\"elementor-column elementor-col-33 elementor-top-column elementor-element elementor-element-4bb536a\" data-id=\"4bb536a\" data-element_type=\"column\" data-e-type=\"column\">\n\t\t\t<div class=\"elementor-widget-wrap elementor-element-populated\">\n\t\t\t\t\t\t<div class=\"elementor-element elementor-element-497ae8a elementor-widget elementor-widget-tf-title-section\" data-id=\"497ae8a\" data-element_type=\"widget\" data-e-type=\"widget\" data-widget_type=\"tf-title-section.default\">\n\t\t\t\t<div class=\"elementor-widget-container\">\n\t\t\t\t\t<div id=\"tf-title-section-497ae8a\" class=\"tf-title-section\" data-tabid=\"497ae8a\"> \r\n\t\t\t\t\r\n\t\t\t<div class=\"title-section\">\r\n\t\t\t\t\r\n\t\t\t\t<h2 class=\"heading\">Despre SmartMouth\u2122<\/h2>\r\n\t\t\t\t<div class=\"sub-title\"><p data-start=\"176\" data-end=\"518\"><strong data-start=\"176\" data-end=\"191\">SmartMouth\u2122<\/strong> este o platform\u0103 digital\u0103 interna\u021bional\u0103 pentru consulta\u021bii dentare online, fondat\u0103 de <strong data-start=\"273\" data-end=\"293\">Dr. Ion Bejenari<\/strong>, un chirurg cu peste 15 ani de experien\u021b\u0103 \u00een implantologie \u0219i cazuri complexe.<br data-start=\"372\" data-end=\"375\" \/>Am fost crea\u021bi dintr-o nevoie real\u0103: acces rapid \u0219i impar\u021bial la opinii stomatologice profesionale, f\u0103r\u0103 c\u0103l\u0103torii inutile sau presiuni comerciale.<\/p><p data-start=\"520\" data-end=\"786\">La SmartMouth\u2122, noi credem c\u0103 <strong data-start=\"547\" data-end=\"587\">claritatea trebuie s\u0103 primeze \u00eenaintea tratamentului<\/strong>. Oferim pacien\u021bilor r\u0103spunsuri sincere \u0219i planuri de tratament clar explicate, direct de la un specialist, pe baza fi\u0219ierelor de diagnostic, cum ar fi radiografiile panoramice (OPG), scan\u0103rile CBCT sau fotografiile intraorale.<\/p><\/div>\r\n\t\t\t<\/div>                \r\n            <\/div>\t\t\t\t<\/div>\n\t\t\t\t<\/div>\n\t\t\t\t<div class=\"elementor-element elementor-element-c239eab item-animated elementor-icon-list--layout-traditional elementor-list-item-link-full_width elementor-widget elementor-widget-icon-list\" data-id=\"c239eab\" data-element_type=\"widget\" data-e-type=\"widget\" data-widget_type=\"icon-list.default\">\n\t\t\t\t\t\t\t<ul class=\"elementor-icon-list-items\">\n\t\t\t\t\t\t\t<li class=\"elementor-icon-list-item\">\n\t\t\t\t\t\t\t\t\t\t\t<span class=\"elementor-icon-list-icon\">\n\t\t\t\t\t\t\t<svg aria-hidden=\"true\" class=\"e-font-icon-svg e-fas-check-circle\" viewbox=\"0 0 512 512\" xmlns=\"http:\/\/www.w3.org\/2000\/svg\"><path d=\"M504 256c0 136.967-111.033 248-248 248S8 392.967 8 256 119.033 8 256 8s248 111.033 248 248zM227.314 387.314l184-184c6.248-6.248 6.248-16.379 0-22.627l-22.627-22.627c-6.248-6.249-16.379-6.249-22.628 0L216 308.118l-70.059-70.059c-6.248-6.248-16.379-6.248-22.628 0l-22.627 22.627c-6.248 6.248-6.248 16.379 0 22.627l104 104c6.249 6.249 16.379 6.249 22.628.001z\"><\/path><\/svg>\t\t\t\t\t\t<\/span>\n\t\t\t\t\t\t\t\t\t\t<span class=\"elementor-icon-list-text\">Peste 10.000 de cazuri examinate<\/span>\n\t\t\t\t\t\t\t\t\t<\/li>\n\t\t\t\t\t\t\t\t<li class=\"elementor-icon-list-item\">\n\t\t\t\t\t\t\t\t\t\t\t<span class=\"elementor-icon-list-icon\">\n\t\t\t\t\t\t\t<svg aria-hidden=\"true\" class=\"e-font-icon-svg e-fas-check-circle\" viewbox=\"0 0 512 512\" xmlns=\"http:\/\/www.w3.org\/2000\/svg\"><path d=\"M504 256c0 136.967-111.033 248-248 248S8 392.967 8 256 119.033 8 256 8s248 111.033 248 248zM227.314 387.314l184-184c6.248-6.248 6.248-16.379 0-22.627l-22.627-22.627c-6.248-6.249-16.379-6.249-22.628 0L216 308.118l-70.059-70.059c-6.248-6.248-16.379-6.248-22.628 0l-22.627 22.627c-6.248 6.248-6.248 16.379 0 22.627l104 104c6.249 6.249 16.379 6.249 22.628.001z\"><\/path><\/svg>\t\t\t\t\t\t<\/span>\n\t\t\t\t\t\t\t\t\t\t<span class=\"elementor-icon-list-text\">R\u0103spuns garantat \u00een 48-72 de ore<\/span>\n\t\t\t\t\t\t\t\t\t<\/li>\n\t\t\t\t\t\t\t\t<li class=\"elementor-icon-list-item\">\n\t\t\t\t\t\t\t\t\t\t\t<span class=\"elementor-icon-list-icon\">\n\t\t\t\t\t\t\t<svg aria-hidden=\"true\" class=\"e-font-icon-svg e-fas-check-circle\" viewbox=\"0 0 512 512\" xmlns=\"http:\/\/www.w3.org\/2000\/svg\"><path d=\"M504 256c0 136.967-111.033 248-248 248S8 392.967 8 256 119.033 8 256 8s248 111.033 248 248zM227.314 387.314l184-184c6.248-6.248 6.248-16.379 0-22.627l-22.627-22.627c-6.248-6.249-16.379-6.249-22.628 0L216 308.118l-70.059-70.059c-6.248-6.248-16.379-6.248-22.628 0l-22.627 22.627c-6.248 6.248-6.248 16.379 0 22.627l104 104c6.249 6.249 16.379 6.249 22.628.001z\"><\/path><\/svg>\t\t\t\t\t\t<\/span>\n\t\t\t\t\t\t\t\t\t\t<span class=\"elementor-icon-list-text\">Formate scrise \u0219i video disponibile<\/span>\n\t\t\t\t\t\t\t\t\t<\/li>\n\t\t\t\t\t\t\t\t<li class=\"elementor-icon-list-item\">\n\t\t\t\t\t\t\t\t\t\t\t<span class=\"elementor-icon-list-icon\">\n\t\t\t\t\t\t\t<svg aria-hidden=\"true\" class=\"e-font-icon-svg e-fas-check-circle\" viewbox=\"0 0 512 512\" xmlns=\"http:\/\/www.w3.org\/2000\/svg\"><path d=\"M504 256c0 136.967-111.033 248-248 248S8 392.967 8 256 119.033 8 256 8s248 111.033 248 248zM227.314 387.314l184-184c6.248-6.248 6.248-16.379 0-22.627l-22.627-22.627c-6.248-6.249-16.379-6.249-22.628 0L216 308.118l-70.059-70.059c-6.248-6.248-16.379-6.248-22.628 0l-22.627 22.627c-6.248 6.248-6.248 16.379 0 22.627l104 104c6.249 6.249 16.379 6.249 22.628.001z\"><\/path><\/svg>\t\t\t\t\t\t<\/span>\n\t\t\t\t\t\t\t\t\t\t<span class=\"elementor-icon-list-text\">Complet online \u0219i confiden\u021bial 100%<\/span>\n\t\t\t\t\t\t\t\t\t<\/li>\n\t\t\t\t\t\t<\/ul>\n\t\t\t\t\t\t<\/div>\n\t\t\t\t\t<\/div>\n\t\t<\/div>\n\t\t\t\t\t<\/div>\n\t\t<\/section>\n\t\t\t\t<section class=\"elementor-section elementor-top-section elementor-element elementor-element-363a20d elementor-section-boxed elementor-section-height-default elementor-section-height-default\" data-id=\"363a20d\" data-element_type=\"section\" data-e-type=\"section\" data-settings=\"{&quot;background_background&quot;:&quot;classic&quot;}\">\n\t\t\t\t\t\t\t<div class=\"elementor-background-overlay\"><\/div>\n\t\t\t\t\t\t\t<div class=\"elementor-container elementor-column-gap-no\">\n\t\t\t\t\t<div class=\"elementor-column elementor-col-50 elementor-top-column elementor-element elementor-element-93a2856\" data-id=\"93a2856\" data-element_type=\"column\" data-e-type=\"column\" data-settings=\"{&quot;background_background&quot;:&quot;classic&quot;}\">\n\t\t\t<div class=\"elementor-widget-wrap elementor-element-populated\">\n\t\t\t\t\t\t<div class=\"elementor-element elementor-element-d72444e elementor-widget elementor-widget-spacer\" data-id=\"d72444e\" data-element_type=\"widget\" data-e-type=\"widget\" data-widget_type=\"spacer.default\">\n\t\t\t\t\t\t\t<div class=\"elementor-spacer\">\n\t\t\t<div class=\"elementor-spacer-inner\"><\/div>\n\t\t<\/div>\n\t\t\t\t\t\t<\/div>\n\t\t\t\t\t<\/div>\n\t\t<\/div>\n\t\t\t\t<div class=\"elementor-column elementor-col-50 elementor-top-column elementor-element elementor-element-53def82\" data-id=\"53def82\" data-element_type=\"column\" data-e-type=\"column\" data-settings=\"{&quot;background_background&quot;:&quot;classic&quot;}\">\n\t\t\t<div class=\"elementor-widget-wrap elementor-element-populated\">\n\t\t\t\t\t\t<div class=\"elementor-element elementor-element-2f82615 elementor-widget elementor-widget-tf-title-section\" data-id=\"2f82615\" data-element_type=\"widget\" data-e-type=\"widget\" data-widget_type=\"tf-title-section.default\">\n\t\t\t\t<div class=\"elementor-widget-container\">\n\t\t\t\t\t<div id=\"tf-title-section-2f82615\" class=\"tf-title-section\" data-tabid=\"2f82615\"> \r\n\t\t\t\t\r\n\t\t\t<div class=\"title-section\">\r\n\t\t\t\t\r\n\t\t\t\t<h2 class=\"heading\">Valorile noastre fundamentale<\/h2>\r\n\t\t\t\t<div class=\"sub-title\"><p data-start=\"659\" data-end=\"872\"><strong data-start=\"1136\" data-end=\"1155\">Profesionalism<\/strong> - Toate avizele sunt emise de speciali\u0219ti reali cu expertiz\u0103 dovedit\u0103<br data-start=\"1226\" data-end=\"1229\" \/><strong data-start=\"1232\" data-end=\"1243\">Claritate<\/strong> - Explica\u021bii simple, f\u0103r\u0103 jargon inutil<br data-start=\"1288\" data-end=\"1291\" \/><strong data-start=\"1294\" data-end=\"1309\">Obiectivitate<\/strong> - F\u0103r\u0103 interes comercial sau trimiteri la clinici<br data-start=\"1354\" data-end=\"1357\" \/><strong data-start=\"1360\" data-end=\"1371\">Empatia<\/strong> - Noi credem c\u0103 pacien\u021bii informa\u021bi sunt pacien\u021bi mai calmi \u0219i mai \u00eencrez\u0103tori<\/p><\/div>\r\n\t\t\t<\/div>                \r\n            <\/div>\t\t\t\t<\/div>\n\t\t\t\t<\/div>\n\t\t\t\t\t<\/div>\n\t\t<\/div>\n\t\t\t\t\t<\/div>\n\t\t<\/section>\n\t\t\t\t<section class=\"elementor-section elementor-top-section elementor-element elementor-element-7fe749b elementor-section-full_width section-width-1170 tf-animated-column-elementor elementor-section-height-default elementor-section-height-default\" data-id=\"7fe749b\" data-element_type=\"section\" data-e-type=\"section\" data-settings=\"{&quot;background_background&quot;:&quot;classic&quot;}\">\n\t\t\t\t\t\t<div class=\"elementor-container elementor-column-gap-extended\">\n\t\t\t\t\t<div class=\"elementor-column elementor-col-100 elementor-top-column elementor-element elementor-element-8ec934e\" data-id=\"8ec934e\" data-element_type=\"column\" data-e-type=\"column\">\n\t\t\t<div class=\"elementor-widget-wrap elementor-element-populated\">\n\t\t\t\t\t\t<div class=\"elementor-element elementor-element-d243132 elementor-widget elementor-widget-tf-title-section\" data-id=\"d243132\" data-element_type=\"widget\" data-e-type=\"widget\" data-widget_type=\"tf-title-section.default\">\n\t\t\t\t<div class=\"elementor-widget-container\">\n\t\t\t\t\t<div id=\"tf-title-section-d243132\" class=\"tf-title-section\" data-tabid=\"d243132\"> \r\n\t\t\t\t\r\n\t\t\t<div class=\"title-section\">\r\n\t\t\t\t\r\n\t\t\t\t<h2 class=\"heading\">De la fondator<\/h2>\r\n\t\t\t\t<div class=\"sub-title\"><p data-start=\"659\" data-end=\"872\">\"SmartMouth\u2122 s-a n\u0103scut din realitatea cotidian\u0103 din clinic\u0103 - pacien\u021bi confuzi, planuri de tratament neclare, propuneri costisitoare. Am \u0219tiut c\u0103 trebuie s\u0103 existe o modalitate mai sincer\u0103.\"<br data-start=\"1642\" data-end=\"1645\" \/>- Dr. Ion Bejenari, fondator \u0219i chirurg principal, SmartMouth\u2122<\/p><\/div>\r\n\t\t\t<\/div>                \r\n            <\/div>\t\t\t\t<\/div>\n\t\t\t\t<\/div>\n\t\t\t\t\t<\/div>\n\t\t<\/div>\n\t\t\t\t\t<\/div>\n\t\t<\/section>\n\t\t\t\t<section class=\"elementor-section elementor-top-section elementor-element elementor-element-54e1351 elementor-section-boxed elementor-section-height-default elementor-section-height-default\" data-id=\"54e1351\" data-element_type=\"section\" data-e-type=\"section\">\n\t\t\t\t\t\t<div class=\"elementor-container elementor-column-gap-extended\">\n\t\t\t\t\t<div class=\"elementor-column elementor-col-50 elementor-top-column elementor-element elementor-element-7c114ff\" data-id=\"7c114ff\" data-element_type=\"column\" data-e-type=\"column\">\n\t\t\t<div class=\"elementor-widget-wrap elementor-element-populated\">\n\t\t\t\t\t\t<div class=\"elementor-element elementor-element-b1354d3 elementor-widget elementor-widget-tf-title-section\" data-id=\"b1354d3\" data-element_type=\"widget\" data-e-type=\"widget\" data-widget_type=\"tf-title-section.default\">\n\t\t\t\t<div class=\"elementor-widget-container\">\n\t\t\t\t\t<div id=\"tf-title-section-b1354d3\" class=\"tf-title-section\" data-tabid=\"b1354d3\"> \r\n\t\t\t\t\r\n\t\t\t<div class=\"title-section\">\r\n\t\t\t\t\r\n\t\t\t\t<h2 class=\"heading\">Unde lucr\u0103m<\/h2>\r\n\t\t\t\t<div class=\"sub-title\"><p data-start=\"1394\" data-end=\"1687\">Platforma noastr\u0103 este accesibil\u0103 la nivel global. Unii dintre cei mai activi utilizatori ai no\u0219tri sunt localiza\u021bi \u00een:<\/p><p data-start=\"1394\" data-end=\"1687\">\ud83c\uddfa\ud83c\uddf8 SUA \ud83c\udde8\ud83c\udde6 Canada \ud83c\uddec\ud83c\udde7 Marea Britanie \ud83c\udde8\ud83c\udded Elve\u021bia \ud83c\udde6\ud83c\uddfa Australia \ud83c\udde6\ud83c\uddea Dubai \ud83c\uddf8\ud83c\uddea Scandinavia<\/p><\/div>\r\n\t\t\t<\/div>                \r\n            <\/div>\t\t\t\t<\/div>\n\t\t\t\t<\/div>\n\t\t\t\t\t<\/div>\n\t\t<\/div>\n\t\t\t\t<div class=\"elementor-column elementor-col-50 elementor-top-column elementor-element elementor-element-a2df24d\" data-id=\"a2df24d\" data-element_type=\"column\" data-e-type=\"column\">\n\t\t\t<div class=\"elementor-widget-wrap elementor-element-populated\">\n\t\t\t\t\t\t<div class=\"elementor-element elementor-element-f462ebc elementor-widget elementor-widget-image\" data-id=\"f462ebc\" data-element_type=\"widget\" data-e-type=\"widget\" data-widget_type=\"image.default\">\n\t\t\t\t\t\t\t\t\t\t\t\t\t\t\t<img decoding=\"async\" src=\"https:\/\/smartmouth.online\/wp-content\/uploads\/elementor\/thumbs\/impact-on-radiologists-increased-reading-volume-imaging-practice-r9uoqfetwyznpetvkd8u24dkq5bfxg3uu90t6y0m0e.webp\" alt=\"impactul asupra radiologilor - cre\u0219terea volumului de citire - practica imagistic\u0103\" \/>\t\t\t\t\t\t\t\t\t\t\t\t\t\t\t<\/div>\n\t\t\t\t\t<\/div>\n\t\t<\/div>\n\t\t\t\t\t<\/div>\n\t\t<\/section>\n\t\t\t\t<section class=\"elementor-section elementor-top-section elementor-element elementor-element-9c8fec2 elementor-section-boxed elementor-section-height-default elementor-section-height-default\" data-id=\"9c8fec2\" data-element_type=\"section\" data-e-type=\"section\" data-settings=\"{&quot;background_background&quot;:&quot;classic&quot;}\">\n\t\t\t\t\t\t<div class=\"elementor-container elementor-column-gap-extended\">\n\t\t\t\t\t<div class=\"elementor-column elementor-col-50 elementor-top-column elementor-element elementor-element-dafe727\" data-id=\"dafe727\" data-element_type=\"column\" data-e-type=\"column\">\n\t\t\t<div class=\"elementor-widget-wrap elementor-element-populated\">\n\t\t\t\t\t\t<div class=\"elementor-element elementor-element-541f1c2 elementor-widget elementor-widget-tf-title-section\" data-id=\"541f1c2\" data-element_type=\"widget\" data-e-type=\"widget\" data-widget_type=\"tf-title-section.default\">\n\t\t\t\t<div class=\"elementor-widget-container\">\n\t\t\t\t\t<div id=\"tf-title-section-541f1c2\" class=\"tf-title-section\" data-tabid=\"541f1c2\"> \r\n\t\t\t\t\r\n\t\t\t<div class=\"title-section\">\r\n\t\t\t\t\r\n\t\t\t\t<h2 class=\"heading\">Al\u0103tura\u021bi-v\u0103 re\u021belei<\/h2>\r\n\t\t\t\t<div class=\"sub-title\"><p>SmartMouth\u2122 colaboreaz\u0103 cu clinici interna\u021bionale \u0219i profesioni\u0219ti din domeniul dentar pentru a asigura continuitatea \u00eengrijirilor pentru planurile de tratament pe care le recomand\u0103m.<\/p><\/div>\r\n\t\t\t<\/div>                \r\n            <\/div>\t\t\t\t<\/div>\n\t\t\t\t<\/div>\n\t\t\t\t\t<\/div>\n\t\t<\/div>\n\t\t\t\t<div class=\"elementor-column elementor-col-50 elementor-top-column elementor-element elementor-element-94f3376\" data-id=\"94f3376\" data-element_type=\"column\" data-e-type=\"column\">\n\t\t\t<div class=\"elementor-widget-wrap elementor-element-populated\">\n\t\t\t\t\t\t<section class=\"elementor-section elementor-inner-section elementor-element elementor-element-8865224 tf-animated-column-elementor elementor-section-boxed elementor-section-height-default elementor-section-height-default\" data-id=\"8865224\" data-element_type=\"section\" data-e-type=\"section\">\n\t\t\t\t\t\t<div class=\"elementor-container elementor-column-gap-no\">\n\t\t\t\t\t<div class=\"elementor-column elementor-col-50 elementor-inner-column elementor-element elementor-element-44a2d01\" data-id=\"44a2d01\" data-element_type=\"column\" data-e-type=\"column\">\n\t\t\t<div class=\"elementor-widget-wrap elementor-element-populated\">\n\t\t\t\t\t\t<div class=\"elementor-element elementor-element-1cba0ba draw-border btn-s2 elementor-widget elementor-widget-button\" data-id=\"1cba0ba\" data-element_type=\"widget\" data-e-type=\"widget\" data-widget_type=\"button.default\">\n\t\t\t\t\t\t\t\t\t\t<a class=\"elementor-button elementor-button-link elementor-size-sm\" href=\"https:\/\/smartmouth.online\/ro\/contact\/\">\n\t\t\t\t\t\t<span class=\"elementor-button-content-wrapper\">\n\t\t\t\t\t\t<span class=\"elementor-button-icon\">\n\t\t\t\t<i aria-hidden=\"true\" class=\"carenowicon- carenow-icon-long-arrow-right2\"><\/i>\t\t\t<\/span>\n\t\t\t\t\t\t\t\t\t<span class=\"elementor-button-text\">Contact<\/span>\n\t\t\t\t\t<\/span>\n\t\t\t\t\t<\/a>\n\t\t\t\t\t\t\t\t<\/div>\n\t\t\t\t\t<\/div>\n\t\t<\/div>\n\t\t\t\t<div class=\"elementor-column elementor-col-50 elementor-inner-column elementor-element elementor-element-62bec67\" data-id=\"62bec67\" data-element_type=\"column\" data-e-type=\"column\">\n\t\t\t<div class=\"elementor-widget-wrap elementor-element-populated\">\n\t\t\t\t\t\t<div class=\"elementor-element elementor-element-b0ae379 elementor-widget elementor-widget-button\" data-id=\"b0ae379\" data-element_type=\"widget\" data-e-type=\"widget\" data-widget_type=\"button.default\">\n\t\t\t\t\t\t\t\t\t\t<a class=\"elementor-button elementor-button-link elementor-size-sm\" href=\"mailto:contact@smartmouth.online\">\n\t\t\t\t\t\t<span class=\"elementor-button-content-wrapper\">\n\t\t\t\t\t\t<span class=\"elementor-button-icon\">\n\t\t\t\t<i aria-hidden=\"true\" class=\"carenowicon- carenow-icon-long-arrow-right2\"><\/i>\t\t\t<\/span>\n\t\t\t\t\t\t\t\t\t<span class=\"elementor-button-text\">Trimite\u021bi-ne un e-mail<\/span>\n\t\t\t\t\t<\/span>\n\t\t\t\t\t<\/a>\n\t\t\t\t\t\t\t\t<\/div>\n\t\t\t\t\t<\/div>\n\t\t<\/div>\n\t\t\t\t\t<\/div>\n\t\t<\/section>\n\t\t\t\t\t<\/div>\n\t\t<\/div>\n\t\t\t\t\t<\/div>\n\t\t<\/section>\n\t\t\t\t<\/div>","protected":false},"excerpt":{"rendered":"<p>About SmartMouth\u2122 SmartMouth\u2122 is an international digital platform for online dental consultations, founded by Dr. Ion Bejenari, a surgeon with over 15 years of experience in implantology [&hellip;]<\/p>","protected":false},"author":1,"featured_media":0,"parent":0,"menu_order":0,"comment_status":"closed","ping_status":"closed","template":"tpl\/front-page.php","meta":{"footnotes":""},"class_list":["post-91","page","type-page","status-publish","hentry"],"_links":{"self":[{"href":"https:\/\/smartmouth.online\/ro\/wp-json\/wp\/v2\/pages\/91","targetHints":{"allow":["GET"]}}],"collection":[{"href":"https:\/\/smartmouth.online\/ro\/wp-json\/wp\/v2\/pages"}],"about":[{"href":"https:\/\/smartmouth.online\/ro\/wp-json\/wp\/v2\/types\/page"}],"author":[{"embeddable":true,"href":"https:\/\/smartmouth.online\/ro\/wp-json\/wp\/v2\/users\/1"}],"replies":[{"embeddable":true,"href":"https:\/\/smartmouth.online\/ro\/wp-json\/wp\/v2\/comments?post=91"}],"version-history":[{"count":34,"href":"https:\/\/smartmouth.online\/ro\/wp-json\/wp\/v2\/pages\/91\/revisions"}],"predecessor-version":[{"id":7352,"href":"https:\/\/smartmouth.online\/ro\/wp-json\/wp\/v2\/pages\/91\/revisions\/7352"}],"wp:attachment":[{"href":"https:\/\/smartmouth.online\/ro\/wp-json\/wp\/v2\/media?parent=91"}],"curies":[{"name":"wp","href":"https:\/\/api.w.org\/{rel}","templated":true}]}}